{"id":32082,"date":"2023-10-18T13:50:11","date_gmt":"2023-10-18T13:50:11","guid":{"rendered":"https:\/\/saulesmedus.lt\/?page_id=32082"},"modified":"2025-09-25T11:00:10","modified_gmt":"2025-09-25T11:00:10","slug":"pristatymas","status":"publish","type":"page","link":"https:\/\/saulesmedus.lt\/en\/pristatymas\/","title":{"rendered":"Pristatymas"},"content":{"rendered":"<div class=\"wpb-content-wrapper\"><div class=\"vc_row wpb_row vc_row-fluid\"><\/div><div class=\"wpb_column vc_column_container vc_col-sm-12\"><div class=\"vc_column-inner\"><div class=\"wpb_wrapper\"><\/div><\/div><\/div>\n\t<div class=\"wpb_text_column wpb_content_element\" >\n\t\t<div class=\"wpb_wrapper\">\n\t\t\t\n\t\t<\/div>\n\t<\/div>\n<strong>Darbo laikas:<\/strong><\/p>\n<p><strong>I \u2013 IV<\/strong> nuo 8:00 iki 18:00 val.<\/p>\n<p><strong>V \u2013 VII<\/strong> nuo 8:00 iki 17:00 val.<\/p>\n<p><strong>Prekes reikia atsiimti per 3 darbo dienas, gavus prane\u0161im\u0105, kad jos suruo\u0161tos.<\/strong><\/p>\n<p>Jei nesp\u0117jate, informuokite mus telefonu, kada atsiimsite.<\/p>\n<p><strong>Atsi\u0117mimas Omniva pa\u0161tomatuose.<\/strong><br \/>\nPristatymo kaina 4.00 \u20ac. Prek\u0117s pristatymo terminas 1-3 dienos nuo u\u017esakymo pateikimo.<\/p>\n<p><strong>Atsi\u0117mimas Lpexpress pa\u0161tomatuose.<\/strong><\/p>\n<p>Pristatymo kaina 3.50\u20ac. Prek\u0117s pristatymo terminas 1-3 dienos nuo u\u017esakymo pateikimo.<\/p>\n<p>&nbsp;<\/p>\n<\/div>","protected":false},"excerpt":{"rendered":"<p>Darbo laikas: I \u2013 IV nuo 8:00 iki 18:00 val. V \u2013 VII nuo 8:00 iki 17:00 val. Prekes reikia<\/p>","protected":false},"author":1,"featured_media":0,"parent":0,"menu_order":0,"comment_status":"closed","ping_status":"closed","template":"","meta":{"footnotes":""},"class_list":["post-32082","page","type-page","status-publish","hentry"],"yoast_head":"<!-- This site is optimized with the Yoast SEO plugin v23.1 - https:\/\/yoast.com\/wordpress\/plugins\/seo\/ -->\n<title>Pristatymas - Saul\u0117s medus<\/title>\n<meta name=\"robots\" content=\"index, follow, max-snippet:-1, max-image-preview:large, max-video-preview:-1\" \/>\n<link rel=\"canonical\" href=\"https:\/\/saulesmedus.lt\/en\/pristatymas\/\" \/>\n<meta property=\"og:locale\" content=\"en_US\" \/>\n<meta property=\"og:type\" content=\"article\" \/>\n<meta property=\"og:title\" content=\"Pristatymas - Saul\u0117s medus\" \/>\n<meta property=\"og:description\" content=\"Darbo laikas: I \u2013 IV nuo 8:00 iki 18:00 val. V \u2013 VII nuo 8:00 iki 17:00 val. Prekes reikia\" \/>\n<meta property=\"og:url\" content=\"https:\/\/saulesmedus.lt\/en\/pristatymas\/\" \/>\n<meta property=\"og:site_name\" content=\"Saul\u0117s medus\" \/>\n<meta property=\"article:modified_time\" content=\"2025-09-25T11:00:10+00:00\" \/>\n<meta name=\"twitter:card\" content=\"summary_large_image\" \/>\n<meta name=\"twitter:label1\" content=\"Est. reading time\" \/>\n\t<meta name=\"twitter:data1\" content=\"1 minute\" \/>\n<script type=\"application\/ld+json\" class=\"yoast-schema-graph\">{\"@context\":\"https:\/\/schema.org\",\"@graph\":[{\"@type\":\"WebPage\",\"@id\":\"https:\/\/saulesmedus.lt\/pristatymas\/\",\"url\":\"https:\/\/saulesmedus.lt\/pristatymas\/\",\"name\":\"Pristatymas - Saul\u0117s medus\",\"isPartOf\":{\"@id\":\"https:\/\/saulesmedus.lt\/#website\"},\"datePublished\":\"2023-10-18T13:50:11+00:00\",\"dateModified\":\"2025-09-25T11:00:10+00:00\",\"breadcrumb\":{\"@id\":\"https:\/\/saulesmedus.lt\/pristatymas\/#breadcrumb\"},\"inLanguage\":\"en-US\",\"potentialAction\":[{\"@type\":\"ReadAction\",\"target\":[\"https:\/\/saulesmedus.lt\/pristatymas\/\"]}]},{\"@type\":\"BreadcrumbList\",\"@id\":\"https:\/\/saulesmedus.lt\/pristatymas\/#breadcrumb\",\"itemListElement\":[{\"@type\":\"ListItem\",\"position\":1,\"name\":\"Home\",\"item\":\"https:\/\/saulesmedus.lt\/\"},{\"@type\":\"ListItem\",\"position\":2,\"name\":\"Pristatymas\"}]},{\"@type\":\"WebSite\",\"@id\":\"https:\/\/saulesmedus.lt\/#website\",\"url\":\"https:\/\/saulesmedus.lt\/\",\"name\":\"Saul\u0117s medus\",\"description\":\"\",\"potentialAction\":[{\"@type\":\"SearchAction\",\"target\":{\"@type\":\"EntryPoint\",\"urlTemplate\":\"https:\/\/saulesmedus.lt\/?s={search_term_string}\"},\"query-input\":\"required name=search_term_string\"}],\"inLanguage\":\"en-US\"}]}<\/script>\n<!-- \/ Yoast SEO plugin. -->","yoast_head_json":{"title":"Pristatymas - Saul\u0117s medus","robots":{"index":"index","follow":"follow","max-snippet":"max-snippet:-1","max-image-preview":"max-image-preview:large","max-video-preview":"max-video-preview:-1"},"canonical":"https:\/\/saulesmedus.lt\/en\/pristatymas\/","og_locale":"en_US","og_type":"article","og_title":"Pristatymas - Saul\u0117s medus","og_description":"Darbo laikas: I \u2013 IV nuo 8:00 iki 18:00 val. V \u2013 VII nuo 8:00 iki 17:00 val. Prekes reikia","og_url":"https:\/\/saulesmedus.lt\/en\/pristatymas\/","og_site_name":"Saul\u0117s medus","article_modified_time":"2025-09-25T11:00:10+00:00","twitter_card":"summary_large_image","twitter_misc":{"Est. reading time":"1 minute"},"schema":{"@context":"https:\/\/schema.org","@graph":[{"@type":"WebPage","@id":"https:\/\/saulesmedus.lt\/pristatymas\/","url":"https:\/\/saulesmedus.lt\/pristatymas\/","name":"Pristatymas - Saul\u0117s medus","isPartOf":{"@id":"https:\/\/saulesmedus.lt\/#website"},"datePublished":"2023-10-18T13:50:11+00:00","dateModified":"2025-09-25T11:00:10+00:00","breadcrumb":{"@id":"https:\/\/saulesmedus.lt\/pristatymas\/#breadcrumb"},"inLanguage":"en-US","potentialAction":[{"@type":"ReadAction","target":["https:\/\/saulesmedus.lt\/pristatymas\/"]}]},{"@type":"BreadcrumbList","@id":"https:\/\/saulesmedus.lt\/pristatymas\/#breadcrumb","itemListElement":[{"@type":"ListItem","position":1,"name":"Home","item":"https:\/\/saulesmedus.lt\/"},{"@type":"ListItem","position":2,"name":"Pristatymas"}]},{"@type":"WebSite","@id":"https:\/\/saulesmedus.lt\/#website","url":"https:\/\/saulesmedus.lt\/","name":"Saul\u0117s medus","description":"","potentialAction":[{"@type":"SearchAction","target":{"@type":"EntryPoint","urlTemplate":"https:\/\/saulesmedus.lt\/?s={search_term_string}"},"query-input":"required name=search_term_string"}],"inLanguage":"en-US"}]}},"_links":{"self":[{"href":"https:\/\/saulesmedus.lt\/en\/wp-json\/wp\/v2\/pages\/32082","targetHints":{"allow":["GET"]}}],"collection":[{"href":"https:\/\/saulesmedus.lt\/en\/wp-json\/wp\/v2\/pages"}],"about":[{"href":"https:\/\/saulesmedus.lt\/en\/wp-json\/wp\/v2\/types\/page"}],"author":[{"embeddable":true,"href":"https:\/\/saulesmedus.lt\/en\/wp-json\/wp\/v2\/users\/1"}],"replies":[{"embeddable":true,"href":"https:\/\/saulesmedus.lt\/en\/wp-json\/wp\/v2\/comments?post=32082"}],"version-history":[{"count":4,"href":"https:\/\/saulesmedus.lt\/en\/wp-json\/wp\/v2\/pages\/32082\/revisions"}],"predecessor-version":[{"id":33726,"href":"https:\/\/saulesmedus.lt\/en\/wp-json\/wp\/v2\/pages\/32082\/revisions\/33726"}],"wp:attachment":[{"href":"https:\/\/saulesmedus.lt\/en\/wp-json\/wp\/v2\/media?parent=32082"}],"curies":[{"name":"wp","href":"https:\/\/api.w.org\/{rel}","templated":true}]}}