{"id":32015,"date":"2023-10-12T11:31:38","date_gmt":"2023-10-12T11:31:38","guid":{"rendered":"https:\/\/saulesmedus.lt\/?post_type=product&#038;p=32015"},"modified":"2026-02-09T16:53:41","modified_gmt":"2026-02-09T16:53:41","slug":"biciu-pikio-uzpiltine","status":"publish","type":"product","link":"https:\/\/saulesmedus.lt\/en\/product\/biciu-pikio-uzpiltine\/","title":{"rendered":"Bi\u010di\u0173 pikio u\u017epiltin\u0117"},"content":{"rendered":"","protected":false},"excerpt":{"rendered":"<ul>\n<li>Gydo gerkl\u0117s u\u017edegim\u0105 bei kitas vir\u0161utini\u0173 kv\u0117pavimo tak\u0173 ligas<\/li>\n<li>P\u016bslelinei (herpes) virusui gydyti<\/li>\n<li>Padeda valdyti refliuks\u0105 bei skrand\u017eio r\u016bg\u0161tingum\u0105<\/li>\n<li>\u017daizdoms, p\u016bliniams gydyti<\/li>\n<\/ul>\n<p>Naudojimosi instrukcija prid\u0117ta nugarin\u0117je buteliuko pus\u0117je<\/p>","protected":false},"featured_media":32016,"template":"","meta":[],"product_cat":[40],"product_tag":[],"class_list":["post-32015","product","type-product","status-publish","has-post-thumbnail","hentry","product_cat-kiti-produktai"],"yoast_head":"<!-- This site is optimized with the Yoast SEO plugin v23.1 - https:\/\/yoast.com\/wordpress\/plugins\/seo\/ -->\n<title>Bi\u010di\u0173 pikio u\u017epiltin\u0117 - Saul\u0117s medus<\/title>\n<meta name=\"robots\" content=\"index, follow, max-snippet:-1, max-image-preview:large, max-video-preview:-1\" \/>\n<link rel=\"canonical\" href=\"https:\/\/saulesmedus.lt\/en\/product\/biciu-pikio-uzpiltine\/\" \/>\n<meta property=\"og:locale\" content=\"en_US\" \/>\n<meta property=\"og:type\" content=\"article\" \/>\n<meta property=\"og:title\" content=\"Bi\u010di\u0173 pikio u\u017epiltin\u0117 - Saul\u0117s medus\" \/>\n<meta property=\"og:description\" content=\"Gydo gerkl\u0117s u\u017edegim\u0105 bei kitas vir\u0161utini\u0173 kv\u0117pavimo tak\u0173 ligas  P\u016bslelinei (herpes) virusui gydyti  Padeda valdyti refliuks\u0105 bei skrand\u017eio r\u016bg\u0161tingum\u0105  \u017daizdoms, p\u016bliniams gydyti  Naudojimosi instrukcija prid\u0117ta nugarin\u0117je buteliuko pus\u0117je\" \/>\n<meta property=\"og:url\" content=\"https:\/\/saulesmedus.lt\/en\/product\/biciu-pikio-uzpiltine\/\" \/>\n<meta property=\"og:site_name\" content=\"Saul\u0117s medus\" \/>\n<meta property=\"article:modified_time\" content=\"2026-02-09T16:53:41+00:00\" \/>\n<meta property=\"og:image\" content=\"https:\/\/saulesmedus.lt\/wp-content\/uploads\/2023\/10\/kkk.jpg\" \/>\n\t<meta property=\"og:image:width\" content=\"788\" \/>\n\t<meta property=\"og:image:height\" content=\"788\" \/>\n\t<meta property=\"og:image:type\" content=\"image\/jpeg\" \/>\n<meta name=\"twitter:card\" content=\"summary_large_image\" \/>\n<meta name=\"twitter:label1\" content=\"Est. reading time\" \/>\n\t<meta name=\"twitter:data1\" content=\"1 minute\" \/>\n<script type=\"application\/ld+json\" class=\"yoast-schema-graph\">{\"@context\":\"https:\/\/schema.org\",\"@graph\":[{\"@type\":\"WebPage\",\"@id\":\"https:\/\/saulesmedus.lt\/product\/biciu-pikio-uzpiltine\/\",\"url\":\"https:\/\/saulesmedus.lt\/product\/biciu-pikio-uzpiltine\/\",\"name\":\"Bi\u010di\u0173 pikio u\u017epiltin\u0117 - Saul\u0117s medus\",\"isPartOf\":{\"@id\":\"https:\/\/saulesmedus.lt\/#website\"},\"primaryImageOfPage\":{\"@id\":\"https:\/\/saulesmedus.lt\/product\/biciu-pikio-uzpiltine\/#primaryimage\"},\"image\":{\"@id\":\"https:\/\/saulesmedus.lt\/product\/biciu-pikio-uzpiltine\/#primaryimage\"},\"thumbnailUrl\":\"https:\/\/saulesmedus.lt\/wp-content\/uploads\/2023\/10\/kkk.jpg\",\"datePublished\":\"2023-10-12T11:31:38+00:00\",\"dateModified\":\"2026-02-09T16:53:41+00:00\",\"breadcrumb\":{\"@id\":\"https:\/\/saulesmedus.lt\/product\/biciu-pikio-uzpiltine\/#breadcrumb\"},\"inLanguage\":\"en-US\",\"potentialAction\":[{\"@type\":\"ReadAction\",\"target\":[\"https:\/\/saulesmedus.lt\/product\/biciu-pikio-uzpiltine\/\"]}]},{\"@type\":\"ImageObject\",\"inLanguage\":\"en-US\",\"@id\":\"https:\/\/saulesmedus.lt\/product\/biciu-pikio-uzpiltine\/#primaryimage\",\"url\":\"https:\/\/saulesmedus.lt\/wp-content\/uploads\/2023\/10\/kkk.jpg\",\"contentUrl\":\"https:\/\/saulesmedus.lt\/wp-content\/uploads\/2023\/10\/kkk.jpg\",\"width\":788,\"height\":788},{\"@type\":\"BreadcrumbList\",\"@id\":\"https:\/\/saulesmedus.lt\/product\/biciu-pikio-uzpiltine\/#breadcrumb\",\"itemListElement\":[{\"@type\":\"ListItem\",\"position\":1,\"name\":\"Home\",\"item\":\"https:\/\/saulesmedus.lt\/\"},{\"@type\":\"ListItem\",\"position\":2,\"name\":\"Parduotuv\u0117\",\"item\":\"https:\/\/saulesmedus.lt\/shop\/\"},{\"@type\":\"ListItem\",\"position\":3,\"name\":\"Bi\u010di\u0173 pikio u\u017epiltin\u0117\"}]},{\"@type\":\"WebSite\",\"@id\":\"https:\/\/saulesmedus.lt\/#website\",\"url\":\"https:\/\/saulesmedus.lt\/\",\"name\":\"Saul\u0117s medus\",\"description\":\"\",\"potentialAction\":[{\"@type\":\"SearchAction\",\"target\":{\"@type\":\"EntryPoint\",\"urlTemplate\":\"https:\/\/saulesmedus.lt\/?s={search_term_string}\"},\"query-input\":\"required name=search_term_string\"}],\"inLanguage\":\"en-US\"}]}<\/script>\n<!-- \/ Yoast SEO plugin. -->","yoast_head_json":{"title":"Bi\u010di\u0173 pikio u\u017epiltin\u0117 - Saul\u0117s medus","robots":{"index":"index","follow":"follow","max-snippet":"max-snippet:-1","max-image-preview":"max-image-preview:large","max-video-preview":"max-video-preview:-1"},"canonical":"https:\/\/saulesmedus.lt\/en\/product\/biciu-pikio-uzpiltine\/","og_locale":"en_US","og_type":"article","og_title":"Bi\u010di\u0173 pikio u\u017epiltin\u0117 - Saul\u0117s medus","og_description":"Gydo gerkl\u0117s u\u017edegim\u0105 bei kitas vir\u0161utini\u0173 kv\u0117pavimo tak\u0173 ligas  P\u016bslelinei (herpes) virusui gydyti  Padeda valdyti refliuks\u0105 bei skrand\u017eio r\u016bg\u0161tingum\u0105  \u017daizdoms, p\u016bliniams gydyti  Naudojimosi instrukcija prid\u0117ta nugarin\u0117je buteliuko pus\u0117je","og_url":"https:\/\/saulesmedus.lt\/en\/product\/biciu-pikio-uzpiltine\/","og_site_name":"Saul\u0117s medus","article_modified_time":"2026-02-09T16:53:41+00:00","og_image":[{"width":788,"height":788,"url":"https:\/\/saulesmedus.lt\/wp-content\/uploads\/2023\/10\/kkk.jpg","type":"image\/jpeg"}],"twitter_card":"summary_large_image","twitter_misc":{"Est. reading time":"1 minute"},"schema":{"@context":"https:\/\/schema.org","@graph":[{"@type":"WebPage","@id":"https:\/\/saulesmedus.lt\/product\/biciu-pikio-uzpiltine\/","url":"https:\/\/saulesmedus.lt\/product\/biciu-pikio-uzpiltine\/","name":"Bi\u010di\u0173 pikio u\u017epiltin\u0117 - Saul\u0117s medus","isPartOf":{"@id":"https:\/\/saulesmedus.lt\/#website"},"primaryImageOfPage":{"@id":"https:\/\/saulesmedus.lt\/product\/biciu-pikio-uzpiltine\/#primaryimage"},"image":{"@id":"https:\/\/saulesmedus.lt\/product\/biciu-pikio-uzpiltine\/#primaryimage"},"thumbnailUrl":"https:\/\/saulesmedus.lt\/wp-content\/uploads\/2023\/10\/kkk.jpg","datePublished":"2023-10-12T11:31:38+00:00","dateModified":"2026-02-09T16:53:41+00:00","breadcrumb":{"@id":"https:\/\/saulesmedus.lt\/product\/biciu-pikio-uzpiltine\/#breadcrumb"},"inLanguage":"en-US","potentialAction":[{"@type":"ReadAction","target":["https:\/\/saulesmedus.lt\/product\/biciu-pikio-uzpiltine\/"]}]},{"@type":"ImageObject","inLanguage":"en-US","@id":"https:\/\/saulesmedus.lt\/product\/biciu-pikio-uzpiltine\/#primaryimage","url":"https:\/\/saulesmedus.lt\/wp-content\/uploads\/2023\/10\/kkk.jpg","contentUrl":"https:\/\/saulesmedus.lt\/wp-content\/uploads\/2023\/10\/kkk.jpg","width":788,"height":788},{"@type":"BreadcrumbList","@id":"https:\/\/saulesmedus.lt\/product\/biciu-pikio-uzpiltine\/#breadcrumb","itemListElement":[{"@type":"ListItem","position":1,"name":"Home","item":"https:\/\/saulesmedus.lt\/"},{"@type":"ListItem","position":2,"name":"Parduotuv\u0117","item":"https:\/\/saulesmedus.lt\/shop\/"},{"@type":"ListItem","position":3,"name":"Bi\u010di\u0173 pikio u\u017epiltin\u0117"}]},{"@type":"WebSite","@id":"https:\/\/saulesmedus.lt\/#website","url":"https:\/\/saulesmedus.lt\/","name":"Saul\u0117s medus","description":"","potentialAction":[{"@type":"SearchAction","target":{"@type":"EntryPoint","urlTemplate":"https:\/\/saulesmedus.lt\/?s={search_term_string}"},"query-input":"required name=search_term_string"}],"inLanguage":"en-US"}]}},"_links":{"self":[{"href":"https:\/\/saulesmedus.lt\/en\/wp-json\/wp\/v2\/product\/32015","targetHints":{"allow":["GET"]}}],"collection":[{"href":"https:\/\/saulesmedus.lt\/en\/wp-json\/wp\/v2\/product"}],"about":[{"href":"https:\/\/saulesmedus.lt\/en\/wp-json\/wp\/v2\/types\/product"}],"wp:featuredmedia":[{"embeddable":true,"href":"https:\/\/saulesmedus.lt\/en\/wp-json\/wp\/v2\/media\/32016"}],"wp:attachment":[{"href":"https:\/\/saulesmedus.lt\/en\/wp-json\/wp\/v2\/media?parent=32015"}],"wp:term":[{"taxonomy":"product_cat","embeddable":true,"href":"https:\/\/saulesmedus.lt\/en\/wp-json\/wp\/v2\/product_cat?post=32015"},{"taxonomy":"product_tag","embeddable":true,"href":"https:\/\/saulesmedus.lt\/en\/wp-json\/wp\/v2\/product_tag?post=32015"}],"curies":[{"name":"wp","href":"https:\/\/api.w.org\/{rel}","templated":true}]}}