{"id":32342,"date":"2023-10-23T20:04:02","date_gmt":"2023-10-23T20:04:02","guid":{"rendered":"https:\/\/saulesmedus.lt\/?post_type=product&#038;p=32342"},"modified":"2025-12-15T19:12:53","modified_gmt":"2025-12-15T19:12:53","slug":"ranku-darbo-muilas-su-medumi-gintaro-pudra-ir-migdolu-kauliukais","status":"publish","type":"product","link":"https:\/\/saulesmedus.lt\/en\/product\/ranku-darbo-muilas-su-medumi-gintaro-pudra-ir-migdolu-kauliukais\/","title":{"rendered":"Rank\u0173 darbo muilas su medumi, gintaro pudra ir migdol\u0173 kauliukais"},"content":{"rendered":"","protected":false},"excerpt":{"rendered":"<p>Sud\u0117tis : muilas, o\u017ek\u0173 pienas , migdol\u0173 aliejus, gintaro pudra, migdol\u0173 kauliukai, medus.\u00a0 Labai skalsus, ma\u017eai putoja. Be prid\u0117tini\u0173 konservant\u0173. Puikiai tinka tiek rank\u0173, tiek k\u016bno prie\u017ei\u016brai. Kadangi\u00a0 sud\u0117tyje yra migdol\u0173 kauliuk\u0173 ir gintaro pudros, puikiai nu\u0161vei\u010dia negyvos odos sluoksn\u012f.<\/p>\n<p>Grynasis kiekis 70gr<\/p>","protected":false},"featured_media":32345,"template":"","meta":[],"product_cat":[40],"product_tag":[],"class_list":["post-32342","product","type-product","status-publish","has-post-thumbnail","hentry","product_cat-kiti-produktai"],"yoast_head":"<!-- This site is optimized with the Yoast SEO plugin v23.1 - https:\/\/yoast.com\/wordpress\/plugins\/seo\/ -->\n<title>Rank\u0173 darbo muilas su medumi, gintaro pudra ir migdol\u0173 kauliukais - Saul\u0117s medus<\/title>\n<meta name=\"robots\" content=\"index, follow, max-snippet:-1, max-image-preview:large, max-video-preview:-1\" \/>\n<link rel=\"canonical\" href=\"https:\/\/saulesmedus.lt\/en\/product\/ranku-darbo-muilas-su-medumi-gintaro-pudra-ir-migdolu-kauliukais\/\" \/>\n<meta property=\"og:locale\" content=\"en_US\" \/>\n<meta property=\"og:type\" content=\"article\" \/>\n<meta property=\"og:title\" content=\"Rank\u0173 darbo muilas su medumi, gintaro pudra ir migdol\u0173 kauliukais - Saul\u0117s medus\" \/>\n<meta property=\"og:description\" content=\"Sud\u0117tis : muilas, o\u017ek\u0173 pienas , migdol\u0173 aliejus, gintaro pudra, migdol\u0173 kauliukai, medus.\u00a0 Labai skalsus, ma\u017eai putoja. Be prid\u0117tini\u0173 konservant\u0173. Puikiai tinka tiek rank\u0173, tiek k\u016bno prie\u017ei\u016brai. Kadangi\u00a0 sud\u0117tyje yra migdol\u0173 kauliuk\u0173 ir gintaro pudros, puikiai nu\u0161vei\u010dia negyvos odos sluoksn\u012f.  Grynasis kiekis 70gr\" \/>\n<meta property=\"og:url\" content=\"https:\/\/saulesmedus.lt\/en\/product\/ranku-darbo-muilas-su-medumi-gintaro-pudra-ir-migdolu-kauliukais\/\" \/>\n<meta property=\"og:site_name\" content=\"Saul\u0117s medus\" \/>\n<meta property=\"article:modified_time\" content=\"2025-12-15T19:12:53+00:00\" \/>\n<meta property=\"og:image\" content=\"https:\/\/saulesmedus.lt\/wp-content\/uploads\/2023\/10\/dfc12qa-29.png\" \/>\n\t<meta property=\"og:image:width\" content=\"780\" \/>\n\t<meta property=\"og:image:height\" content=\"780\" \/>\n\t<meta property=\"og:image:type\" content=\"image\/png\" \/>\n<meta name=\"twitter:card\" content=\"summary_large_image\" \/>\n<meta name=\"twitter:label1\" content=\"Est. reading time\" \/>\n\t<meta name=\"twitter:data1\" content=\"1 minute\" \/>\n<script type=\"application\/ld+json\" class=\"yoast-schema-graph\">{\"@context\":\"https:\/\/schema.org\",\"@graph\":[{\"@type\":\"WebPage\",\"@id\":\"https:\/\/saulesmedus.lt\/product\/ranku-darbo-muilas-su-medumi-gintaro-pudra-ir-migdolu-kauliukais\/\",\"url\":\"https:\/\/saulesmedus.lt\/product\/ranku-darbo-muilas-su-medumi-gintaro-pudra-ir-migdolu-kauliukais\/\",\"name\":\"Rank\u0173 darbo muilas su medumi, gintaro pudra ir migdol\u0173 kauliukais - Saul\u0117s medus\",\"isPartOf\":{\"@id\":\"https:\/\/saulesmedus.lt\/#website\"},\"primaryImageOfPage\":{\"@id\":\"https:\/\/saulesmedus.lt\/product\/ranku-darbo-muilas-su-medumi-gintaro-pudra-ir-migdolu-kauliukais\/#primaryimage\"},\"image\":{\"@id\":\"https:\/\/saulesmedus.lt\/product\/ranku-darbo-muilas-su-medumi-gintaro-pudra-ir-migdolu-kauliukais\/#primaryimage\"},\"thumbnailUrl\":\"https:\/\/saulesmedus.lt\/wp-content\/uploads\/2023\/10\/dfc12qa-29.png\",\"datePublished\":\"2023-10-23T20:04:02+00:00\",\"dateModified\":\"2025-12-15T19:12:53+00:00\",\"breadcrumb\":{\"@id\":\"https:\/\/saulesmedus.lt\/product\/ranku-darbo-muilas-su-medumi-gintaro-pudra-ir-migdolu-kauliukais\/#breadcrumb\"},\"inLanguage\":\"en-US\",\"potentialAction\":[{\"@type\":\"ReadAction\",\"target\":[\"https:\/\/saulesmedus.lt\/product\/ranku-darbo-muilas-su-medumi-gintaro-pudra-ir-migdolu-kauliukais\/\"]}]},{\"@type\":\"ImageObject\",\"inLanguage\":\"en-US\",\"@id\":\"https:\/\/saulesmedus.lt\/product\/ranku-darbo-muilas-su-medumi-gintaro-pudra-ir-migdolu-kauliukais\/#primaryimage\",\"url\":\"https:\/\/saulesmedus.lt\/wp-content\/uploads\/2023\/10\/dfc12qa-29.png\",\"contentUrl\":\"https:\/\/saulesmedus.lt\/wp-content\/uploads\/2023\/10\/dfc12qa-29.png\",\"width\":780,\"height\":780},{\"@type\":\"BreadcrumbList\",\"@id\":\"https:\/\/saulesmedus.lt\/product\/ranku-darbo-muilas-su-medumi-gintaro-pudra-ir-migdolu-kauliukais\/#breadcrumb\",\"itemListElement\":[{\"@type\":\"ListItem\",\"position\":1,\"name\":\"Home\",\"item\":\"https:\/\/saulesmedus.lt\/\"},{\"@type\":\"ListItem\",\"position\":2,\"name\":\"Parduotuv\u0117\",\"item\":\"https:\/\/saulesmedus.lt\/shop\/\"},{\"@type\":\"ListItem\",\"position\":3,\"name\":\"Rank\u0173 darbo muilas su medumi, gintaro pudra ir migdol\u0173 kauliukais\"}]},{\"@type\":\"WebSite\",\"@id\":\"https:\/\/saulesmedus.lt\/#website\",\"url\":\"https:\/\/saulesmedus.lt\/\",\"name\":\"Saul\u0117s medus\",\"description\":\"\",\"potentialAction\":[{\"@type\":\"SearchAction\",\"target\":{\"@type\":\"EntryPoint\",\"urlTemplate\":\"https:\/\/saulesmedus.lt\/?s={search_term_string}\"},\"query-input\":\"required name=search_term_string\"}],\"inLanguage\":\"en-US\"}]}<\/script>\n<!-- \/ Yoast SEO plugin. -->","yoast_head_json":{"title":"Rank\u0173 darbo muilas su medumi, gintaro pudra ir migdol\u0173 kauliukais - Saul\u0117s medus","robots":{"index":"index","follow":"follow","max-snippet":"max-snippet:-1","max-image-preview":"max-image-preview:large","max-video-preview":"max-video-preview:-1"},"canonical":"https:\/\/saulesmedus.lt\/en\/product\/ranku-darbo-muilas-su-medumi-gintaro-pudra-ir-migdolu-kauliukais\/","og_locale":"en_US","og_type":"article","og_title":"Rank\u0173 darbo muilas su medumi, gintaro pudra ir migdol\u0173 kauliukais - Saul\u0117s medus","og_description":"Sud\u0117tis : muilas, o\u017ek\u0173 pienas , migdol\u0173 aliejus, gintaro pudra, migdol\u0173 kauliukai, medus.\u00a0 Labai skalsus, ma\u017eai putoja. Be prid\u0117tini\u0173 konservant\u0173. Puikiai tinka tiek rank\u0173, tiek k\u016bno prie\u017ei\u016brai. Kadangi\u00a0 sud\u0117tyje yra migdol\u0173 kauliuk\u0173 ir gintaro pudros, puikiai nu\u0161vei\u010dia negyvos odos sluoksn\u012f.  Grynasis kiekis 70gr","og_url":"https:\/\/saulesmedus.lt\/en\/product\/ranku-darbo-muilas-su-medumi-gintaro-pudra-ir-migdolu-kauliukais\/","og_site_name":"Saul\u0117s medus","article_modified_time":"2025-12-15T19:12:53+00:00","og_image":[{"width":780,"height":780,"url":"https:\/\/saulesmedus.lt\/wp-content\/uploads\/2023\/10\/dfc12qa-29.png","type":"image\/png"}],"twitter_card":"summary_large_image","twitter_misc":{"Est. reading time":"1 minute"},"schema":{"@context":"https:\/\/schema.org","@graph":[{"@type":"WebPage","@id":"https:\/\/saulesmedus.lt\/product\/ranku-darbo-muilas-su-medumi-gintaro-pudra-ir-migdolu-kauliukais\/","url":"https:\/\/saulesmedus.lt\/product\/ranku-darbo-muilas-su-medumi-gintaro-pudra-ir-migdolu-kauliukais\/","name":"Rank\u0173 darbo muilas su medumi, gintaro pudra ir migdol\u0173 kauliukais - Saul\u0117s medus","isPartOf":{"@id":"https:\/\/saulesmedus.lt\/#website"},"primaryImageOfPage":{"@id":"https:\/\/saulesmedus.lt\/product\/ranku-darbo-muilas-su-medumi-gintaro-pudra-ir-migdolu-kauliukais\/#primaryimage"},"image":{"@id":"https:\/\/saulesmedus.lt\/product\/ranku-darbo-muilas-su-medumi-gintaro-pudra-ir-migdolu-kauliukais\/#primaryimage"},"thumbnailUrl":"https:\/\/saulesmedus.lt\/wp-content\/uploads\/2023\/10\/dfc12qa-29.png","datePublished":"2023-10-23T20:04:02+00:00","dateModified":"2025-12-15T19:12:53+00:00","breadcrumb":{"@id":"https:\/\/saulesmedus.lt\/product\/ranku-darbo-muilas-su-medumi-gintaro-pudra-ir-migdolu-kauliukais\/#breadcrumb"},"inLanguage":"en-US","potentialAction":[{"@type":"ReadAction","target":["https:\/\/saulesmedus.lt\/product\/ranku-darbo-muilas-su-medumi-gintaro-pudra-ir-migdolu-kauliukais\/"]}]},{"@type":"ImageObject","inLanguage":"en-US","@id":"https:\/\/saulesmedus.lt\/product\/ranku-darbo-muilas-su-medumi-gintaro-pudra-ir-migdolu-kauliukais\/#primaryimage","url":"https:\/\/saulesmedus.lt\/wp-content\/uploads\/2023\/10\/dfc12qa-29.png","contentUrl":"https:\/\/saulesmedus.lt\/wp-content\/uploads\/2023\/10\/dfc12qa-29.png","width":780,"height":780},{"@type":"BreadcrumbList","@id":"https:\/\/saulesmedus.lt\/product\/ranku-darbo-muilas-su-medumi-gintaro-pudra-ir-migdolu-kauliukais\/#breadcrumb","itemListElement":[{"@type":"ListItem","position":1,"name":"Home","item":"https:\/\/saulesmedus.lt\/"},{"@type":"ListItem","position":2,"name":"Parduotuv\u0117","item":"https:\/\/saulesmedus.lt\/shop\/"},{"@type":"ListItem","position":3,"name":"Rank\u0173 darbo muilas su medumi, gintaro pudra ir migdol\u0173 kauliukais"}]},{"@type":"WebSite","@id":"https:\/\/saulesmedus.lt\/#website","url":"https:\/\/saulesmedus.lt\/","name":"Saul\u0117s medus","description":"","potentialAction":[{"@type":"SearchAction","target":{"@type":"EntryPoint","urlTemplate":"https:\/\/saulesmedus.lt\/?s={search_term_string}"},"query-input":"required name=search_term_string"}],"inLanguage":"en-US"}]}},"_links":{"self":[{"href":"https:\/\/saulesmedus.lt\/en\/wp-json\/wp\/v2\/product\/32342","targetHints":{"allow":["GET"]}}],"collection":[{"href":"https:\/\/saulesmedus.lt\/en\/wp-json\/wp\/v2\/product"}],"about":[{"href":"https:\/\/saulesmedus.lt\/en\/wp-json\/wp\/v2\/types\/product"}],"wp:featuredmedia":[{"embeddable":true,"href":"https:\/\/saulesmedus.lt\/en\/wp-json\/wp\/v2\/media\/32345"}],"wp:attachment":[{"href":"https:\/\/saulesmedus.lt\/en\/wp-json\/wp\/v2\/media?parent=32342"}],"wp:term":[{"taxonomy":"product_cat","embeddable":true,"href":"https:\/\/saulesmedus.lt\/en\/wp-json\/wp\/v2\/product_cat?post=32342"},{"taxonomy":"product_tag","embeddable":true,"href":"https:\/\/saulesmedus.lt\/en\/wp-json\/wp\/v2\/product_tag?post=32342"}],"curies":[{"name":"wp","href":"https:\/\/api.w.org\/{rel}","templated":true}]}}