{"id":32753,"date":"2023-11-18T16:30:21","date_gmt":"2023-11-18T16:30:21","guid":{"rendered":"https:\/\/saulesmedus.lt\/?post_type=product&#038;p=32753"},"modified":"2023-11-18T16:30:21","modified_gmt":"2023-11-18T16:30:21","slug":"rinkinys-skoniu-dziazas","status":"publish","type":"product","link":"https:\/\/saulesmedus.lt\/en\/product\/rinkinys-skoniu-dziazas\/","title":{"rendered":"Rinkinys &#8222;Skoni\u0173 d\u017eiazas&#8221;"},"content":{"rendered":"","protected":false},"excerpt":{"rendered":"<p>Rinkin\u012f\u00a0 sudaro:<\/p>\n<p>230gr kreminis medus su liofilizuotais\u00a0 \u010dili pipirais<\/p>\n<p>230gr kreminis medus su liofilizuotu \u010dederio s\u016briu<\/p>\n<p>250gr medaus skan\u0117stas su rie\u0161ut\u0173 mix<\/p>\n<p>250gr medaus skan\u0117stas su skrudintais,s\u016bdytais \u017eem\u0117s rie\u0161utais<\/p>\n<p>medinis \u0161auk\u0161telis<\/p>","protected":false},"featured_media":32754,"template":"","meta":[],"product_cat":[38],"product_tag":[],"class_list":["post-32753","product","type-product","status-publish","has-post-thumbnail","hentry","product_cat-rinkiniai"],"yoast_head":"<!-- This site is optimized with the Yoast SEO plugin v23.1 - https:\/\/yoast.com\/wordpress\/plugins\/seo\/ -->\n<title>Rinkinys &quot;Skoni\u0173 d\u017eiazas&quot; - Saul\u0117s medus<\/title>\n<meta name=\"robots\" content=\"index, follow, max-snippet:-1, max-image-preview:large, max-video-preview:-1\" \/>\n<link rel=\"canonical\" href=\"https:\/\/saulesmedus.lt\/en\/product\/rinkinys-skoniu-dziazas\/\" \/>\n<meta property=\"og:locale\" content=\"en_US\" \/>\n<meta property=\"og:type\" content=\"article\" \/>\n<meta property=\"og:title\" content=\"Rinkinys &quot;Skoni\u0173 d\u017eiazas&quot; - Saul\u0117s medus\" \/>\n<meta property=\"og:description\" content=\"Rinkin\u012f\u00a0 sudaro:  230gr kreminis medus su liofilizuotais\u00a0 \u010dili pipirais  230gr kreminis medus su liofilizuotu \u010dederio s\u016briu  250gr medaus skan\u0117stas su rie\u0161ut\u0173 mix  250gr medaus skan\u0117stas su skrudintais,s\u016bdytais \u017eem\u0117s rie\u0161utais  medinis \u0161auk\u0161telis\" \/>\n<meta property=\"og:url\" content=\"https:\/\/saulesmedus.lt\/en\/product\/rinkinys-skoniu-dziazas\/\" \/>\n<meta property=\"og:site_name\" content=\"Saul\u0117s medus\" \/>\n<meta property=\"og:image\" content=\"https:\/\/saulesmedus.lt\/wp-content\/uploads\/2023\/11\/s3t-2.png\" \/>\n\t<meta property=\"og:image:width\" content=\"780\" \/>\n\t<meta property=\"og:image:height\" content=\"780\" \/>\n\t<meta property=\"og:image:type\" content=\"image\/png\" \/>\n<meta name=\"twitter:card\" content=\"summary_large_image\" \/>\n<script type=\"application\/ld+json\" class=\"yoast-schema-graph\">{\"@context\":\"https:\/\/schema.org\",\"@graph\":[{\"@type\":\"WebPage\",\"@id\":\"https:\/\/saulesmedus.lt\/product\/rinkinys-skoniu-dziazas\/\",\"url\":\"https:\/\/saulesmedus.lt\/product\/rinkinys-skoniu-dziazas\/\",\"name\":\"Rinkinys \\\"Skoni\u0173 d\u017eiazas\\\" - Saul\u0117s medus\",\"isPartOf\":{\"@id\":\"https:\/\/saulesmedus.lt\/#website\"},\"primaryImageOfPage\":{\"@id\":\"https:\/\/saulesmedus.lt\/product\/rinkinys-skoniu-dziazas\/#primaryimage\"},\"image\":{\"@id\":\"https:\/\/saulesmedus.lt\/product\/rinkinys-skoniu-dziazas\/#primaryimage\"},\"thumbnailUrl\":\"https:\/\/saulesmedus.lt\/wp-content\/uploads\/2023\/11\/s3t-2.png\",\"datePublished\":\"2023-11-18T16:30:21+00:00\",\"dateModified\":\"2023-11-18T16:30:21+00:00\",\"breadcrumb\":{\"@id\":\"https:\/\/saulesmedus.lt\/product\/rinkinys-skoniu-dziazas\/#breadcrumb\"},\"inLanguage\":\"en-US\",\"potentialAction\":[{\"@type\":\"ReadAction\",\"target\":[\"https:\/\/saulesmedus.lt\/product\/rinkinys-skoniu-dziazas\/\"]}]},{\"@type\":\"ImageObject\",\"inLanguage\":\"en-US\",\"@id\":\"https:\/\/saulesmedus.lt\/product\/rinkinys-skoniu-dziazas\/#primaryimage\",\"url\":\"https:\/\/saulesmedus.lt\/wp-content\/uploads\/2023\/11\/s3t-2.png\",\"contentUrl\":\"https:\/\/saulesmedus.lt\/wp-content\/uploads\/2023\/11\/s3t-2.png\",\"width\":780,\"height\":780},{\"@type\":\"BreadcrumbList\",\"@id\":\"https:\/\/saulesmedus.lt\/product\/rinkinys-skoniu-dziazas\/#breadcrumb\",\"itemListElement\":[{\"@type\":\"ListItem\",\"position\":1,\"name\":\"Home\",\"item\":\"https:\/\/saulesmedus.lt\/\"},{\"@type\":\"ListItem\",\"position\":2,\"name\":\"Parduotuv\u0117\",\"item\":\"https:\/\/saulesmedus.lt\/shop\/\"},{\"@type\":\"ListItem\",\"position\":3,\"name\":\"Rinkinys &#8222;Skoni\u0173 d\u017eiazas&#8221;\"}]},{\"@type\":\"WebSite\",\"@id\":\"https:\/\/saulesmedus.lt\/#website\",\"url\":\"https:\/\/saulesmedus.lt\/\",\"name\":\"Saul\u0117s medus\",\"description\":\"\",\"potentialAction\":[{\"@type\":\"SearchAction\",\"target\":{\"@type\":\"EntryPoint\",\"urlTemplate\":\"https:\/\/saulesmedus.lt\/?s={search_term_string}\"},\"query-input\":\"required name=search_term_string\"}],\"inLanguage\":\"en-US\"}]}<\/script>\n<!-- \/ Yoast SEO plugin. -->","yoast_head_json":{"title":"Rinkinys \"Skoni\u0173 d\u017eiazas\" - Saul\u0117s medus","robots":{"index":"index","follow":"follow","max-snippet":"max-snippet:-1","max-image-preview":"max-image-preview:large","max-video-preview":"max-video-preview:-1"},"canonical":"https:\/\/saulesmedus.lt\/en\/product\/rinkinys-skoniu-dziazas\/","og_locale":"en_US","og_type":"article","og_title":"Rinkinys \"Skoni\u0173 d\u017eiazas\" - Saul\u0117s medus","og_description":"Rinkin\u012f\u00a0 sudaro:  230gr kreminis medus su liofilizuotais\u00a0 \u010dili pipirais  230gr kreminis medus su liofilizuotu \u010dederio s\u016briu  250gr medaus skan\u0117stas su rie\u0161ut\u0173 mix  250gr medaus skan\u0117stas su skrudintais,s\u016bdytais \u017eem\u0117s rie\u0161utais  medinis \u0161auk\u0161telis","og_url":"https:\/\/saulesmedus.lt\/en\/product\/rinkinys-skoniu-dziazas\/","og_site_name":"Saul\u0117s medus","og_image":[{"width":780,"height":780,"url":"https:\/\/saulesmedus.lt\/wp-content\/uploads\/2023\/11\/s3t-2.png","type":"image\/png"}],"twitter_card":"summary_large_image","schema":{"@context":"https:\/\/schema.org","@graph":[{"@type":"WebPage","@id":"https:\/\/saulesmedus.lt\/product\/rinkinys-skoniu-dziazas\/","url":"https:\/\/saulesmedus.lt\/product\/rinkinys-skoniu-dziazas\/","name":"Rinkinys \"Skoni\u0173 d\u017eiazas\" - Saul\u0117s medus","isPartOf":{"@id":"https:\/\/saulesmedus.lt\/#website"},"primaryImageOfPage":{"@id":"https:\/\/saulesmedus.lt\/product\/rinkinys-skoniu-dziazas\/#primaryimage"},"image":{"@id":"https:\/\/saulesmedus.lt\/product\/rinkinys-skoniu-dziazas\/#primaryimage"},"thumbnailUrl":"https:\/\/saulesmedus.lt\/wp-content\/uploads\/2023\/11\/s3t-2.png","datePublished":"2023-11-18T16:30:21+00:00","dateModified":"2023-11-18T16:30:21+00:00","breadcrumb":{"@id":"https:\/\/saulesmedus.lt\/product\/rinkinys-skoniu-dziazas\/#breadcrumb"},"inLanguage":"en-US","potentialAction":[{"@type":"ReadAction","target":["https:\/\/saulesmedus.lt\/product\/rinkinys-skoniu-dziazas\/"]}]},{"@type":"ImageObject","inLanguage":"en-US","@id":"https:\/\/saulesmedus.lt\/product\/rinkinys-skoniu-dziazas\/#primaryimage","url":"https:\/\/saulesmedus.lt\/wp-content\/uploads\/2023\/11\/s3t-2.png","contentUrl":"https:\/\/saulesmedus.lt\/wp-content\/uploads\/2023\/11\/s3t-2.png","width":780,"height":780},{"@type":"BreadcrumbList","@id":"https:\/\/saulesmedus.lt\/product\/rinkinys-skoniu-dziazas\/#breadcrumb","itemListElement":[{"@type":"ListItem","position":1,"name":"Home","item":"https:\/\/saulesmedus.lt\/"},{"@type":"ListItem","position":2,"name":"Parduotuv\u0117","item":"https:\/\/saulesmedus.lt\/shop\/"},{"@type":"ListItem","position":3,"name":"Rinkinys &#8222;Skoni\u0173 d\u017eiazas&#8221;"}]},{"@type":"WebSite","@id":"https:\/\/saulesmedus.lt\/#website","url":"https:\/\/saulesmedus.lt\/","name":"Saul\u0117s medus","description":"","potentialAction":[{"@type":"SearchAction","target":{"@type":"EntryPoint","urlTemplate":"https:\/\/saulesmedus.lt\/?s={search_term_string}"},"query-input":"required name=search_term_string"}],"inLanguage":"en-US"}]}},"_links":{"self":[{"href":"https:\/\/saulesmedus.lt\/en\/wp-json\/wp\/v2\/product\/32753","targetHints":{"allow":["GET"]}}],"collection":[{"href":"https:\/\/saulesmedus.lt\/en\/wp-json\/wp\/v2\/product"}],"about":[{"href":"https:\/\/saulesmedus.lt\/en\/wp-json\/wp\/v2\/types\/product"}],"wp:featuredmedia":[{"embeddable":true,"href":"https:\/\/saulesmedus.lt\/en\/wp-json\/wp\/v2\/media\/32754"}],"wp:attachment":[{"href":"https:\/\/saulesmedus.lt\/en\/wp-json\/wp\/v2\/media?parent=32753"}],"wp:term":[{"taxonomy":"product_cat","embeddable":true,"href":"https:\/\/saulesmedus.lt\/en\/wp-json\/wp\/v2\/product_cat?post=32753"},{"taxonomy":"product_tag","embeddable":true,"href":"https:\/\/saulesmedus.lt\/en\/wp-json\/wp\/v2\/product_tag?post=32753"}],"curies":[{"name":"wp","href":"https:\/\/api.w.org\/{rel}","templated":true}]}}