{"id":33083,"date":"2024-09-06T15:52:39","date_gmt":"2024-09-06T15:52:39","guid":{"rendered":"https:\/\/saulesmedus.lt\/?post_type=product&#038;p=33083"},"modified":"2024-09-29T11:04:29","modified_gmt":"2024-09-29T11:04:29","slug":"3d-zvake-elnias-namelyje","status":"publish","type":"product","link":"https:\/\/saulesmedus.lt\/en\/product\/3d-zvake-elnias-namelyje\/","title":{"rendered":"3D \u017evak\u0117 &#8222;Elnias namelyje&#8221;"},"content":{"rendered":"","protected":false},"excerpt":{"rendered":"<p>Atvaizdas i\u0161 dviej\u0173 pusi\u0173<\/p>\n<p>I\u0161matavimai : 8,5cm x 5cm<\/p>","protected":false},"featured_media":33084,"template":"","meta":[],"product_cat":[37,45],"product_tag":[],"class_list":["post-33083","product","type-product","status-publish","has-post-thumbnail","hentry","product_cat-zvakes","product_cat-kaledos"],"yoast_head":"<!-- This site is optimized with the Yoast SEO plugin v23.1 - https:\/\/yoast.com\/wordpress\/plugins\/seo\/ -->\n<title>3D \u017evak\u0117 &quot;Elnias namelyje&quot; - Saul\u0117s medus<\/title>\n<meta name=\"robots\" content=\"index, follow, max-snippet:-1, max-image-preview:large, max-video-preview:-1\" \/>\n<link rel=\"canonical\" href=\"https:\/\/saulesmedus.lt\/en\/product\/3d-zvake-elnias-namelyje\/\" \/>\n<meta property=\"og:locale\" content=\"en_US\" \/>\n<meta property=\"og:type\" content=\"article\" \/>\n<meta property=\"og:title\" content=\"3D \u017evak\u0117 &quot;Elnias namelyje&quot; - Saul\u0117s medus\" \/>\n<meta property=\"og:description\" content=\"Atvaizdas i\u0161 dviej\u0173 pusi\u0173  I\u0161matavimai : 8,5cm x 5cm\" \/>\n<meta property=\"og:url\" content=\"https:\/\/saulesmedus.lt\/en\/product\/3d-zvake-elnias-namelyje\/\" \/>\n<meta property=\"og:site_name\" content=\"Saul\u0117s medus\" \/>\n<meta property=\"article:modified_time\" content=\"2024-09-29T11:04:29+00:00\" \/>\n<meta property=\"og:image\" content=\"https:\/\/saulesmedus.lt\/wp-content\/uploads\/2024\/09\/Untitled-design.png\" \/>\n\t<meta property=\"og:image:width\" content=\"780\" \/>\n\t<meta property=\"og:image:height\" content=\"780\" \/>\n\t<meta property=\"og:image:type\" content=\"image\/png\" \/>\n<meta name=\"twitter:card\" content=\"summary_large_image\" \/>\n<meta name=\"twitter:label1\" content=\"Est. reading time\" \/>\n\t<meta name=\"twitter:data1\" content=\"1 minute\" \/>\n<script type=\"application\/ld+json\" class=\"yoast-schema-graph\">{\"@context\":\"https:\/\/schema.org\",\"@graph\":[{\"@type\":\"WebPage\",\"@id\":\"https:\/\/saulesmedus.lt\/product\/3d-zvake-elnias-namelyje\/\",\"url\":\"https:\/\/saulesmedus.lt\/product\/3d-zvake-elnias-namelyje\/\",\"name\":\"3D \u017evak\u0117 \\\"Elnias namelyje\\\" - Saul\u0117s medus\",\"isPartOf\":{\"@id\":\"https:\/\/saulesmedus.lt\/#website\"},\"primaryImageOfPage\":{\"@id\":\"https:\/\/saulesmedus.lt\/product\/3d-zvake-elnias-namelyje\/#primaryimage\"},\"image\":{\"@id\":\"https:\/\/saulesmedus.lt\/product\/3d-zvake-elnias-namelyje\/#primaryimage\"},\"thumbnailUrl\":\"https:\/\/saulesmedus.lt\/wp-content\/uploads\/2024\/09\/Untitled-design.png\",\"datePublished\":\"2024-09-06T15:52:39+00:00\",\"dateModified\":\"2024-09-29T11:04:29+00:00\",\"breadcrumb\":{\"@id\":\"https:\/\/saulesmedus.lt\/product\/3d-zvake-elnias-namelyje\/#breadcrumb\"},\"inLanguage\":\"en-US\",\"potentialAction\":[{\"@type\":\"ReadAction\",\"target\":[\"https:\/\/saulesmedus.lt\/product\/3d-zvake-elnias-namelyje\/\"]}]},{\"@type\":\"ImageObject\",\"inLanguage\":\"en-US\",\"@id\":\"https:\/\/saulesmedus.lt\/product\/3d-zvake-elnias-namelyje\/#primaryimage\",\"url\":\"https:\/\/saulesmedus.lt\/wp-content\/uploads\/2024\/09\/Untitled-design.png\",\"contentUrl\":\"https:\/\/saulesmedus.lt\/wp-content\/uploads\/2024\/09\/Untitled-design.png\",\"width\":780,\"height\":780},{\"@type\":\"BreadcrumbList\",\"@id\":\"https:\/\/saulesmedus.lt\/product\/3d-zvake-elnias-namelyje\/#breadcrumb\",\"itemListElement\":[{\"@type\":\"ListItem\",\"position\":1,\"name\":\"Home\",\"item\":\"https:\/\/saulesmedus.lt\/\"},{\"@type\":\"ListItem\",\"position\":2,\"name\":\"Parduotuv\u0117\",\"item\":\"https:\/\/saulesmedus.lt\/shop\/\"},{\"@type\":\"ListItem\",\"position\":3,\"name\":\"3D \u017evak\u0117 &#8222;Elnias namelyje&#8221;\"}]},{\"@type\":\"WebSite\",\"@id\":\"https:\/\/saulesmedus.lt\/#website\",\"url\":\"https:\/\/saulesmedus.lt\/\",\"name\":\"Saul\u0117s medus\",\"description\":\"\",\"potentialAction\":[{\"@type\":\"SearchAction\",\"target\":{\"@type\":\"EntryPoint\",\"urlTemplate\":\"https:\/\/saulesmedus.lt\/?s={search_term_string}\"},\"query-input\":\"required name=search_term_string\"}],\"inLanguage\":\"en-US\"}]}<\/script>\n<!-- \/ Yoast SEO plugin. -->","yoast_head_json":{"title":"3D \u017evak\u0117 \"Elnias namelyje\" - Saul\u0117s medus","robots":{"index":"index","follow":"follow","max-snippet":"max-snippet:-1","max-image-preview":"max-image-preview:large","max-video-preview":"max-video-preview:-1"},"canonical":"https:\/\/saulesmedus.lt\/en\/product\/3d-zvake-elnias-namelyje\/","og_locale":"en_US","og_type":"article","og_title":"3D \u017evak\u0117 \"Elnias namelyje\" - Saul\u0117s medus","og_description":"Atvaizdas i\u0161 dviej\u0173 pusi\u0173  I\u0161matavimai : 8,5cm x 5cm","og_url":"https:\/\/saulesmedus.lt\/en\/product\/3d-zvake-elnias-namelyje\/","og_site_name":"Saul\u0117s medus","article_modified_time":"2024-09-29T11:04:29+00:00","og_image":[{"width":780,"height":780,"url":"https:\/\/saulesmedus.lt\/wp-content\/uploads\/2024\/09\/Untitled-design.png","type":"image\/png"}],"twitter_card":"summary_large_image","twitter_misc":{"Est. reading time":"1 minute"},"schema":{"@context":"https:\/\/schema.org","@graph":[{"@type":"WebPage","@id":"https:\/\/saulesmedus.lt\/product\/3d-zvake-elnias-namelyje\/","url":"https:\/\/saulesmedus.lt\/product\/3d-zvake-elnias-namelyje\/","name":"3D \u017evak\u0117 \"Elnias namelyje\" - Saul\u0117s medus","isPartOf":{"@id":"https:\/\/saulesmedus.lt\/#website"},"primaryImageOfPage":{"@id":"https:\/\/saulesmedus.lt\/product\/3d-zvake-elnias-namelyje\/#primaryimage"},"image":{"@id":"https:\/\/saulesmedus.lt\/product\/3d-zvake-elnias-namelyje\/#primaryimage"},"thumbnailUrl":"https:\/\/saulesmedus.lt\/wp-content\/uploads\/2024\/09\/Untitled-design.png","datePublished":"2024-09-06T15:52:39+00:00","dateModified":"2024-09-29T11:04:29+00:00","breadcrumb":{"@id":"https:\/\/saulesmedus.lt\/product\/3d-zvake-elnias-namelyje\/#breadcrumb"},"inLanguage":"en-US","potentialAction":[{"@type":"ReadAction","target":["https:\/\/saulesmedus.lt\/product\/3d-zvake-elnias-namelyje\/"]}]},{"@type":"ImageObject","inLanguage":"en-US","@id":"https:\/\/saulesmedus.lt\/product\/3d-zvake-elnias-namelyje\/#primaryimage","url":"https:\/\/saulesmedus.lt\/wp-content\/uploads\/2024\/09\/Untitled-design.png","contentUrl":"https:\/\/saulesmedus.lt\/wp-content\/uploads\/2024\/09\/Untitled-design.png","width":780,"height":780},{"@type":"BreadcrumbList","@id":"https:\/\/saulesmedus.lt\/product\/3d-zvake-elnias-namelyje\/#breadcrumb","itemListElement":[{"@type":"ListItem","position":1,"name":"Home","item":"https:\/\/saulesmedus.lt\/"},{"@type":"ListItem","position":2,"name":"Parduotuv\u0117","item":"https:\/\/saulesmedus.lt\/shop\/"},{"@type":"ListItem","position":3,"name":"3D \u017evak\u0117 &#8222;Elnias namelyje&#8221;"}]},{"@type":"WebSite","@id":"https:\/\/saulesmedus.lt\/#website","url":"https:\/\/saulesmedus.lt\/","name":"Saul\u0117s medus","description":"","potentialAction":[{"@type":"SearchAction","target":{"@type":"EntryPoint","urlTemplate":"https:\/\/saulesmedus.lt\/?s={search_term_string}"},"query-input":"required name=search_term_string"}],"inLanguage":"en-US"}]}},"_links":{"self":[{"href":"https:\/\/saulesmedus.lt\/en\/wp-json\/wp\/v2\/product\/33083","targetHints":{"allow":["GET"]}}],"collection":[{"href":"https:\/\/saulesmedus.lt\/en\/wp-json\/wp\/v2\/product"}],"about":[{"href":"https:\/\/saulesmedus.lt\/en\/wp-json\/wp\/v2\/types\/product"}],"wp:featuredmedia":[{"embeddable":true,"href":"https:\/\/saulesmedus.lt\/en\/wp-json\/wp\/v2\/media\/33084"}],"wp:attachment":[{"href":"https:\/\/saulesmedus.lt\/en\/wp-json\/wp\/v2\/media?parent=33083"}],"wp:term":[{"taxonomy":"product_cat","embeddable":true,"href":"https:\/\/saulesmedus.lt\/en\/wp-json\/wp\/v2\/product_cat?post=33083"},{"taxonomy":"product_tag","embeddable":true,"href":"https:\/\/saulesmedus.lt\/en\/wp-json\/wp\/v2\/product_tag?post=33083"}],"curies":[{"name":"wp","href":"https:\/\/api.w.org\/{rel}","templated":true}]}}