{"id":33156,"date":"2024-10-07T17:16:47","date_gmt":"2024-10-07T17:16:47","guid":{"rendered":"https:\/\/saulesmedus.lt\/?post_type=product&#038;p=33156"},"modified":"2025-03-03T14:19:57","modified_gmt":"2025-03-03T14:19:57","slug":"ranku-darbo-kalediniai-muiliukai","status":"publish","type":"product","link":"https:\/\/saulesmedus.lt\/en\/product\/ranku-darbo-kalediniai-muiliukai\/","title":{"rendered":"Rank\u0173 darbo Kal\u0117diniai muiliukai"},"content":{"rendered":"","protected":false},"excerpt":{"rendered":"<p>Grynasis svoris 9-13gr<\/p>\n<p>Kal\u0117dinis kvapas<\/p>\n<p>&nbsp;<\/p>","protected":false},"featured_media":33157,"template":"","meta":[],"product_cat":[40,45],"product_tag":[],"class_list":["post-33156","product","type-product","status-publish","has-post-thumbnail","hentry","product_cat-kiti-produktai","product_cat-kaledos"],"yoast_head":"<!-- This site is optimized with the Yoast SEO plugin v23.1 - https:\/\/yoast.com\/wordpress\/plugins\/seo\/ -->\n<title>Rank\u0173 darbo Kal\u0117diniai muiliukai - Saul\u0117s medus<\/title>\n<meta name=\"robots\" content=\"index, follow, max-snippet:-1, max-image-preview:large, max-video-preview:-1\" \/>\n<link rel=\"canonical\" href=\"https:\/\/saulesmedus.lt\/en\/product\/ranku-darbo-kalediniai-muiliukai\/\" \/>\n<meta property=\"og:locale\" content=\"en_US\" \/>\n<meta property=\"og:type\" content=\"article\" \/>\n<meta property=\"og:title\" content=\"Rank\u0173 darbo Kal\u0117diniai muiliukai - Saul\u0117s medus\" \/>\n<meta property=\"og:description\" content=\"Grynasis svoris 9-13gr  Kal\u0117dinis kvapas  &nbsp;\" \/>\n<meta property=\"og:url\" content=\"https:\/\/saulesmedus.lt\/en\/product\/ranku-darbo-kalediniai-muiliukai\/\" \/>\n<meta property=\"og:site_name\" content=\"Saul\u0117s medus\" \/>\n<meta property=\"article:modified_time\" content=\"2025-03-03T14:19:57+00:00\" \/>\n<meta property=\"og:image\" content=\"https:\/\/saulesmedus.lt\/wp-content\/uploads\/2024\/10\/Untitled-design-7.png\" \/>\n\t<meta property=\"og:image:width\" content=\"780\" \/>\n\t<meta property=\"og:image:height\" content=\"780\" \/>\n\t<meta property=\"og:image:type\" content=\"image\/png\" \/>\n<meta name=\"twitter:card\" content=\"summary_large_image\" \/>\n<meta name=\"twitter:label1\" content=\"Est. reading time\" \/>\n\t<meta name=\"twitter:data1\" content=\"1 minute\" \/>\n<script type=\"application\/ld+json\" class=\"yoast-schema-graph\">{\"@context\":\"https:\/\/schema.org\",\"@graph\":[{\"@type\":\"WebPage\",\"@id\":\"https:\/\/saulesmedus.lt\/product\/ranku-darbo-kalediniai-muiliukai\/\",\"url\":\"https:\/\/saulesmedus.lt\/product\/ranku-darbo-kalediniai-muiliukai\/\",\"name\":\"Rank\u0173 darbo Kal\u0117diniai muiliukai - Saul\u0117s medus\",\"isPartOf\":{\"@id\":\"https:\/\/saulesmedus.lt\/#website\"},\"primaryImageOfPage\":{\"@id\":\"https:\/\/saulesmedus.lt\/product\/ranku-darbo-kalediniai-muiliukai\/#primaryimage\"},\"image\":{\"@id\":\"https:\/\/saulesmedus.lt\/product\/ranku-darbo-kalediniai-muiliukai\/#primaryimage\"},\"thumbnailUrl\":\"https:\/\/saulesmedus.lt\/wp-content\/uploads\/2024\/10\/Untitled-design-7.png\",\"datePublished\":\"2024-10-07T17:16:47+00:00\",\"dateModified\":\"2025-03-03T14:19:57+00:00\",\"breadcrumb\":{\"@id\":\"https:\/\/saulesmedus.lt\/product\/ranku-darbo-kalediniai-muiliukai\/#breadcrumb\"},\"inLanguage\":\"en-US\",\"potentialAction\":[{\"@type\":\"ReadAction\",\"target\":[\"https:\/\/saulesmedus.lt\/product\/ranku-darbo-kalediniai-muiliukai\/\"]}]},{\"@type\":\"ImageObject\",\"inLanguage\":\"en-US\",\"@id\":\"https:\/\/saulesmedus.lt\/product\/ranku-darbo-kalediniai-muiliukai\/#primaryimage\",\"url\":\"https:\/\/saulesmedus.lt\/wp-content\/uploads\/2024\/10\/Untitled-design-7.png\",\"contentUrl\":\"https:\/\/saulesmedus.lt\/wp-content\/uploads\/2024\/10\/Untitled-design-7.png\",\"width\":780,\"height\":780},{\"@type\":\"BreadcrumbList\",\"@id\":\"https:\/\/saulesmedus.lt\/product\/ranku-darbo-kalediniai-muiliukai\/#breadcrumb\",\"itemListElement\":[{\"@type\":\"ListItem\",\"position\":1,\"name\":\"Home\",\"item\":\"https:\/\/saulesmedus.lt\/\"},{\"@type\":\"ListItem\",\"position\":2,\"name\":\"Parduotuv\u0117\",\"item\":\"https:\/\/saulesmedus.lt\/shop\/\"},{\"@type\":\"ListItem\",\"position\":3,\"name\":\"Rank\u0173 darbo Kal\u0117diniai muiliukai\"}]},{\"@type\":\"WebSite\",\"@id\":\"https:\/\/saulesmedus.lt\/#website\",\"url\":\"https:\/\/saulesmedus.lt\/\",\"name\":\"Saul\u0117s medus\",\"description\":\"\",\"potentialAction\":[{\"@type\":\"SearchAction\",\"target\":{\"@type\":\"EntryPoint\",\"urlTemplate\":\"https:\/\/saulesmedus.lt\/?s={search_term_string}\"},\"query-input\":\"required name=search_term_string\"}],\"inLanguage\":\"en-US\"}]}<\/script>\n<!-- \/ Yoast SEO plugin. -->","yoast_head_json":{"title":"Rank\u0173 darbo Kal\u0117diniai muiliukai - Saul\u0117s medus","robots":{"index":"index","follow":"follow","max-snippet":"max-snippet:-1","max-image-preview":"max-image-preview:large","max-video-preview":"max-video-preview:-1"},"canonical":"https:\/\/saulesmedus.lt\/en\/product\/ranku-darbo-kalediniai-muiliukai\/","og_locale":"en_US","og_type":"article","og_title":"Rank\u0173 darbo Kal\u0117diniai muiliukai - Saul\u0117s medus","og_description":"Grynasis svoris 9-13gr  Kal\u0117dinis kvapas  &nbsp;","og_url":"https:\/\/saulesmedus.lt\/en\/product\/ranku-darbo-kalediniai-muiliukai\/","og_site_name":"Saul\u0117s medus","article_modified_time":"2025-03-03T14:19:57+00:00","og_image":[{"width":780,"height":780,"url":"https:\/\/saulesmedus.lt\/wp-content\/uploads\/2024\/10\/Untitled-design-7.png","type":"image\/png"}],"twitter_card":"summary_large_image","twitter_misc":{"Est. reading time":"1 minute"},"schema":{"@context":"https:\/\/schema.org","@graph":[{"@type":"WebPage","@id":"https:\/\/saulesmedus.lt\/product\/ranku-darbo-kalediniai-muiliukai\/","url":"https:\/\/saulesmedus.lt\/product\/ranku-darbo-kalediniai-muiliukai\/","name":"Rank\u0173 darbo Kal\u0117diniai muiliukai - Saul\u0117s medus","isPartOf":{"@id":"https:\/\/saulesmedus.lt\/#website"},"primaryImageOfPage":{"@id":"https:\/\/saulesmedus.lt\/product\/ranku-darbo-kalediniai-muiliukai\/#primaryimage"},"image":{"@id":"https:\/\/saulesmedus.lt\/product\/ranku-darbo-kalediniai-muiliukai\/#primaryimage"},"thumbnailUrl":"https:\/\/saulesmedus.lt\/wp-content\/uploads\/2024\/10\/Untitled-design-7.png","datePublished":"2024-10-07T17:16:47+00:00","dateModified":"2025-03-03T14:19:57+00:00","breadcrumb":{"@id":"https:\/\/saulesmedus.lt\/product\/ranku-darbo-kalediniai-muiliukai\/#breadcrumb"},"inLanguage":"en-US","potentialAction":[{"@type":"ReadAction","target":["https:\/\/saulesmedus.lt\/product\/ranku-darbo-kalediniai-muiliukai\/"]}]},{"@type":"ImageObject","inLanguage":"en-US","@id":"https:\/\/saulesmedus.lt\/product\/ranku-darbo-kalediniai-muiliukai\/#primaryimage","url":"https:\/\/saulesmedus.lt\/wp-content\/uploads\/2024\/10\/Untitled-design-7.png","contentUrl":"https:\/\/saulesmedus.lt\/wp-content\/uploads\/2024\/10\/Untitled-design-7.png","width":780,"height":780},{"@type":"BreadcrumbList","@id":"https:\/\/saulesmedus.lt\/product\/ranku-darbo-kalediniai-muiliukai\/#breadcrumb","itemListElement":[{"@type":"ListItem","position":1,"name":"Home","item":"https:\/\/saulesmedus.lt\/"},{"@type":"ListItem","position":2,"name":"Parduotuv\u0117","item":"https:\/\/saulesmedus.lt\/shop\/"},{"@type":"ListItem","position":3,"name":"Rank\u0173 darbo Kal\u0117diniai muiliukai"}]},{"@type":"WebSite","@id":"https:\/\/saulesmedus.lt\/#website","url":"https:\/\/saulesmedus.lt\/","name":"Saul\u0117s medus","description":"","potentialAction":[{"@type":"SearchAction","target":{"@type":"EntryPoint","urlTemplate":"https:\/\/saulesmedus.lt\/?s={search_term_string}"},"query-input":"required name=search_term_string"}],"inLanguage":"en-US"}]}},"_links":{"self":[{"href":"https:\/\/saulesmedus.lt\/en\/wp-json\/wp\/v2\/product\/33156","targetHints":{"allow":["GET"]}}],"collection":[{"href":"https:\/\/saulesmedus.lt\/en\/wp-json\/wp\/v2\/product"}],"about":[{"href":"https:\/\/saulesmedus.lt\/en\/wp-json\/wp\/v2\/types\/product"}],"wp:featuredmedia":[{"embeddable":true,"href":"https:\/\/saulesmedus.lt\/en\/wp-json\/wp\/v2\/media\/33157"}],"wp:attachment":[{"href":"https:\/\/saulesmedus.lt\/en\/wp-json\/wp\/v2\/media?parent=33156"}],"wp:term":[{"taxonomy":"product_cat","embeddable":true,"href":"https:\/\/saulesmedus.lt\/en\/wp-json\/wp\/v2\/product_cat?post=33156"},{"taxonomy":"product_tag","embeddable":true,"href":"https:\/\/saulesmedus.lt\/en\/wp-json\/wp\/v2\/product_tag?post=33156"}],"curies":[{"name":"wp","href":"https:\/\/api.w.org\/{rel}","templated":true}]}}