{"id":33327,"date":"2024-11-20T11:41:12","date_gmt":"2024-11-20T11:41:12","guid":{"rendered":"https:\/\/saulesmedus.lt\/?post_type=product&#038;p=33327"},"modified":"2025-12-12T08:21:09","modified_gmt":"2025-12-12T08:21:09","slug":"rinkinys-akcentas","status":"publish","type":"product","link":"https:\/\/saulesmedus.lt\/en\/product\/rinkinys-akcentas\/","title":{"rendered":"Rinkinys &#8222;Akcentas&#8221;"},"content":{"rendered":"","protected":false},"excerpt":{"rendered":"<p>Rinkin\u012f sudaro :<\/p>\n<p>Bi\u010di\u0173 medus 250gr<\/p>\n<p>Kreminis medus Kal\u0117dinis 230gr<\/p>\n<p>Bi\u010di\u0173 pikio u\u017epiltin\u0117 50ml<\/p>\n<p>Rank\u0173 darbo muilas su medumi, gintaro pudra, migdol\u0173 kauliukais<\/p>\n<p>Kreminis medus su liofilizuotais priedais 7vnt 40gr<\/p>\n<p>Bi\u010di\u0173 va\u0161ko \u017evak\u0117 Arkliukas<\/p>\n<p>Bi\u010di\u0173 va\u0161ko eglut\u0117s \u017eaisliukas &#8222;Arklys&#8221;<\/p>\n<p>Kal\u0117din\u0117 arbata 50gr<\/p>\n<p>Medus su skrudintais, s\u016bdytais \u017eem\u0117s rie\u0161utais 250gr<\/p>\n<p>Bi\u010di\u0173 korio medus<\/p>","protected":false},"featured_media":33716,"template":"","meta":[],"product_cat":[38,45,46],"product_tag":[],"class_list":["post-33327","product","type-product","status-publish","has-post-thumbnail","hentry","product_cat-rinkiniai","product_cat-kaledos","product_cat-gyvates-metai"],"yoast_head":"<!-- This site is optimized with the Yoast SEO plugin v23.1 - https:\/\/yoast.com\/wordpress\/plugins\/seo\/ -->\n<title>Rinkinys &quot;Akcentas&quot; - Saul\u0117s medus<\/title>\n<meta name=\"robots\" content=\"index, follow, max-snippet:-1, max-image-preview:large, max-video-preview:-1\" \/>\n<link rel=\"canonical\" href=\"https:\/\/saulesmedus.lt\/en\/product\/rinkinys-akcentas\/\" \/>\n<meta property=\"og:locale\" content=\"en_US\" \/>\n<meta property=\"og:type\" content=\"article\" \/>\n<meta property=\"og:title\" content=\"Rinkinys &quot;Akcentas&quot; - Saul\u0117s medus\" \/>\n<meta property=\"og:description\" content=\"Rinkin\u012f sudaro :  Bi\u010di\u0173 medus 250gr  Kreminis medus Kal\u0117dinis 230gr  Bi\u010di\u0173 pikio u\u017epiltin\u0117 50ml  Rank\u0173 darbo muilas su medumi, gintaro pudra, migdol\u0173 kauliukais  Kreminis medus su liofilizuotais priedais 7vnt 40gr  Bi\u010di\u0173 va\u0161ko \u017evak\u0117 Arkliukas  Bi\u010di\u0173 va\u0161ko eglut\u0117s \u017eaisliukas &quot;Arklys&quot;  Kal\u0117din\u0117 arbata 50gr  Medus su skrudintais, s\u016bdytais \u017eem\u0117s rie\u0161utais 250gr  Bi\u010di\u0173 korio medus\" \/>\n<meta property=\"og:url\" content=\"https:\/\/saulesmedus.lt\/en\/product\/rinkinys-akcentas\/\" \/>\n<meta property=\"og:site_name\" content=\"Saul\u0117s medus\" \/>\n<meta property=\"article:modified_time\" content=\"2025-12-12T08:21:09+00:00\" \/>\n<meta property=\"og:image\" content=\"https:\/\/saulesmedus.lt\/wp-content\/uploads\/2024\/11\/Dizainas-be-pavadinimo-5dddd.png\" \/>\n\t<meta property=\"og:image:width\" content=\"780\" \/>\n\t<meta property=\"og:image:height\" content=\"780\" \/>\n\t<meta property=\"og:image:type\" content=\"image\/png\" \/>\n<meta name=\"twitter:card\" content=\"summary_large_image\" \/>\n<meta name=\"twitter:label1\" content=\"Est. reading time\" \/>\n\t<meta name=\"twitter:data1\" content=\"1 minute\" \/>\n<script type=\"application\/ld+json\" class=\"yoast-schema-graph\">{\"@context\":\"https:\/\/schema.org\",\"@graph\":[{\"@type\":\"WebPage\",\"@id\":\"https:\/\/saulesmedus.lt\/product\/rinkinys-akcentas\/\",\"url\":\"https:\/\/saulesmedus.lt\/product\/rinkinys-akcentas\/\",\"name\":\"Rinkinys \\\"Akcentas\\\" - Saul\u0117s medus\",\"isPartOf\":{\"@id\":\"https:\/\/saulesmedus.lt\/#website\"},\"primaryImageOfPage\":{\"@id\":\"https:\/\/saulesmedus.lt\/product\/rinkinys-akcentas\/#primaryimage\"},\"image\":{\"@id\":\"https:\/\/saulesmedus.lt\/product\/rinkinys-akcentas\/#primaryimage\"},\"thumbnailUrl\":\"https:\/\/saulesmedus.lt\/wp-content\/uploads\/2024\/11\/Dizainas-be-pavadinimo-5dddd.png\",\"datePublished\":\"2024-11-20T11:41:12+00:00\",\"dateModified\":\"2025-12-12T08:21:09+00:00\",\"breadcrumb\":{\"@id\":\"https:\/\/saulesmedus.lt\/product\/rinkinys-akcentas\/#breadcrumb\"},\"inLanguage\":\"en-US\",\"potentialAction\":[{\"@type\":\"ReadAction\",\"target\":[\"https:\/\/saulesmedus.lt\/product\/rinkinys-akcentas\/\"]}]},{\"@type\":\"ImageObject\",\"inLanguage\":\"en-US\",\"@id\":\"https:\/\/saulesmedus.lt\/product\/rinkinys-akcentas\/#primaryimage\",\"url\":\"https:\/\/saulesmedus.lt\/wp-content\/uploads\/2024\/11\/Dizainas-be-pavadinimo-5dddd.png\",\"contentUrl\":\"https:\/\/saulesmedus.lt\/wp-content\/uploads\/2024\/11\/Dizainas-be-pavadinimo-5dddd.png\",\"width\":780,\"height\":780},{\"@type\":\"BreadcrumbList\",\"@id\":\"https:\/\/saulesmedus.lt\/product\/rinkinys-akcentas\/#breadcrumb\",\"itemListElement\":[{\"@type\":\"ListItem\",\"position\":1,\"name\":\"Home\",\"item\":\"https:\/\/saulesmedus.lt\/\"},{\"@type\":\"ListItem\",\"position\":2,\"name\":\"Parduotuv\u0117\",\"item\":\"https:\/\/saulesmedus.lt\/shop\/\"},{\"@type\":\"ListItem\",\"position\":3,\"name\":\"Rinkinys &#8222;Akcentas&#8221;\"}]},{\"@type\":\"WebSite\",\"@id\":\"https:\/\/saulesmedus.lt\/#website\",\"url\":\"https:\/\/saulesmedus.lt\/\",\"name\":\"Saul\u0117s medus\",\"description\":\"\",\"potentialAction\":[{\"@type\":\"SearchAction\",\"target\":{\"@type\":\"EntryPoint\",\"urlTemplate\":\"https:\/\/saulesmedus.lt\/?s={search_term_string}\"},\"query-input\":\"required name=search_term_string\"}],\"inLanguage\":\"en-US\"}]}<\/script>\n<!-- \/ Yoast SEO plugin. -->","yoast_head_json":{"title":"Rinkinys \"Akcentas\" - Saul\u0117s medus","robots":{"index":"index","follow":"follow","max-snippet":"max-snippet:-1","max-image-preview":"max-image-preview:large","max-video-preview":"max-video-preview:-1"},"canonical":"https:\/\/saulesmedus.lt\/en\/product\/rinkinys-akcentas\/","og_locale":"en_US","og_type":"article","og_title":"Rinkinys \"Akcentas\" - Saul\u0117s medus","og_description":"Rinkin\u012f sudaro :  Bi\u010di\u0173 medus 250gr  Kreminis medus Kal\u0117dinis 230gr  Bi\u010di\u0173 pikio u\u017epiltin\u0117 50ml  Rank\u0173 darbo muilas su medumi, gintaro pudra, migdol\u0173 kauliukais  Kreminis medus su liofilizuotais priedais 7vnt 40gr  Bi\u010di\u0173 va\u0161ko \u017evak\u0117 Arkliukas  Bi\u010di\u0173 va\u0161ko eglut\u0117s \u017eaisliukas \"Arklys\"  Kal\u0117din\u0117 arbata 50gr  Medus su skrudintais, s\u016bdytais \u017eem\u0117s rie\u0161utais 250gr  Bi\u010di\u0173 korio medus","og_url":"https:\/\/saulesmedus.lt\/en\/product\/rinkinys-akcentas\/","og_site_name":"Saul\u0117s medus","article_modified_time":"2025-12-12T08:21:09+00:00","og_image":[{"width":780,"height":780,"url":"https:\/\/saulesmedus.lt\/wp-content\/uploads\/2024\/11\/Dizainas-be-pavadinimo-5dddd.png","type":"image\/png"}],"twitter_card":"summary_large_image","twitter_misc":{"Est. reading time":"1 minute"},"schema":{"@context":"https:\/\/schema.org","@graph":[{"@type":"WebPage","@id":"https:\/\/saulesmedus.lt\/product\/rinkinys-akcentas\/","url":"https:\/\/saulesmedus.lt\/product\/rinkinys-akcentas\/","name":"Rinkinys \"Akcentas\" - Saul\u0117s medus","isPartOf":{"@id":"https:\/\/saulesmedus.lt\/#website"},"primaryImageOfPage":{"@id":"https:\/\/saulesmedus.lt\/product\/rinkinys-akcentas\/#primaryimage"},"image":{"@id":"https:\/\/saulesmedus.lt\/product\/rinkinys-akcentas\/#primaryimage"},"thumbnailUrl":"https:\/\/saulesmedus.lt\/wp-content\/uploads\/2024\/11\/Dizainas-be-pavadinimo-5dddd.png","datePublished":"2024-11-20T11:41:12+00:00","dateModified":"2025-12-12T08:21:09+00:00","breadcrumb":{"@id":"https:\/\/saulesmedus.lt\/product\/rinkinys-akcentas\/#breadcrumb"},"inLanguage":"en-US","potentialAction":[{"@type":"ReadAction","target":["https:\/\/saulesmedus.lt\/product\/rinkinys-akcentas\/"]}]},{"@type":"ImageObject","inLanguage":"en-US","@id":"https:\/\/saulesmedus.lt\/product\/rinkinys-akcentas\/#primaryimage","url":"https:\/\/saulesmedus.lt\/wp-content\/uploads\/2024\/11\/Dizainas-be-pavadinimo-5dddd.png","contentUrl":"https:\/\/saulesmedus.lt\/wp-content\/uploads\/2024\/11\/Dizainas-be-pavadinimo-5dddd.png","width":780,"height":780},{"@type":"BreadcrumbList","@id":"https:\/\/saulesmedus.lt\/product\/rinkinys-akcentas\/#breadcrumb","itemListElement":[{"@type":"ListItem","position":1,"name":"Home","item":"https:\/\/saulesmedus.lt\/"},{"@type":"ListItem","position":2,"name":"Parduotuv\u0117","item":"https:\/\/saulesmedus.lt\/shop\/"},{"@type":"ListItem","position":3,"name":"Rinkinys &#8222;Akcentas&#8221;"}]},{"@type":"WebSite","@id":"https:\/\/saulesmedus.lt\/#website","url":"https:\/\/saulesmedus.lt\/","name":"Saul\u0117s medus","description":"","potentialAction":[{"@type":"SearchAction","target":{"@type":"EntryPoint","urlTemplate":"https:\/\/saulesmedus.lt\/?s={search_term_string}"},"query-input":"required name=search_term_string"}],"inLanguage":"en-US"}]}},"_links":{"self":[{"href":"https:\/\/saulesmedus.lt\/en\/wp-json\/wp\/v2\/product\/33327","targetHints":{"allow":["GET"]}}],"collection":[{"href":"https:\/\/saulesmedus.lt\/en\/wp-json\/wp\/v2\/product"}],"about":[{"href":"https:\/\/saulesmedus.lt\/en\/wp-json\/wp\/v2\/types\/product"}],"wp:featuredmedia":[{"embeddable":true,"href":"https:\/\/saulesmedus.lt\/en\/wp-json\/wp\/v2\/media\/33716"}],"wp:attachment":[{"href":"https:\/\/saulesmedus.lt\/en\/wp-json\/wp\/v2\/media?parent=33327"}],"wp:term":[{"taxonomy":"product_cat","embeddable":true,"href":"https:\/\/saulesmedus.lt\/en\/wp-json\/wp\/v2\/product_cat?post=33327"},{"taxonomy":"product_tag","embeddable":true,"href":"https:\/\/saulesmedus.lt\/en\/wp-json\/wp\/v2\/product_tag?post=33327"}],"curies":[{"name":"wp","href":"https:\/\/api.w.org\/{rel}","templated":true}]}}