{"id":33687,"date":"2025-09-14T15:43:23","date_gmt":"2025-09-14T15:43:23","guid":{"rendered":"https:\/\/saulesmedus.lt\/?post_type=product&#038;p=33687"},"modified":"2025-09-14T15:43:23","modified_gmt":"2025-09-14T15:43:23","slug":"rinkinys-kaledine-palaima","status":"publish","type":"product","link":"https:\/\/saulesmedus.lt\/en\/product\/rinkinys-kaledine-palaima\/","title":{"rendered":"Rinkinys &#8222;Kal\u0117din\u0117 palaima&#8221;"},"content":{"rendered":"","protected":false},"excerpt":{"rendered":"<p>Rinkin\u012f sudaro :<\/p>\n<p>Rank\u0173 darbo muilas su medumi, migdol\u0173 kauliukais ir gintaro pudra<\/p>\n<p>Kreminis medus Kal\u0117dinis 230gr<\/p>\n<p>Bi\u010di\u0173 va\u0161ko \u017evak\u0117 Kankor\u0117\u017eis<\/p>","protected":false},"featured_media":33688,"template":"","meta":[],"product_cat":[38,45],"product_tag":[],"class_list":["post-33687","product","type-product","status-publish","has-post-thumbnail","hentry","product_cat-rinkiniai","product_cat-kaledos"],"yoast_head":"<!-- This site is optimized with the Yoast SEO plugin v23.1 - https:\/\/yoast.com\/wordpress\/plugins\/seo\/ -->\n<title>Rinkinys &quot;Kal\u0117din\u0117 palaima&quot; - Saul\u0117s medus<\/title>\n<meta name=\"robots\" content=\"index, follow, max-snippet:-1, max-image-preview:large, max-video-preview:-1\" \/>\n<link rel=\"canonical\" href=\"https:\/\/saulesmedus.lt\/en\/product\/rinkinys-kaledine-palaima\/\" \/>\n<meta property=\"og:locale\" content=\"en_US\" \/>\n<meta property=\"og:type\" content=\"article\" \/>\n<meta property=\"og:title\" content=\"Rinkinys &quot;Kal\u0117din\u0117 palaima&quot; - Saul\u0117s medus\" \/>\n<meta property=\"og:description\" content=\"Rinkin\u012f sudaro :  Rank\u0173 darbo muilas su medumi, migdol\u0173 kauliukais ir gintaro pudra  Kreminis medus Kal\u0117dinis 230gr  Bi\u010di\u0173 va\u0161ko \u017evak\u0117 Kankor\u0117\u017eis\" \/>\n<meta property=\"og:url\" content=\"https:\/\/saulesmedus.lt\/en\/product\/rinkinys-kaledine-palaima\/\" \/>\n<meta property=\"og:site_name\" content=\"Saul\u0117s medus\" \/>\n<meta property=\"og:image\" content=\"https:\/\/saulesmedus.lt\/wp-content\/uploads\/2025\/09\/Dizainas-be-pavadinimo-9.png\" \/>\n\t<meta property=\"og:image:width\" content=\"780\" \/>\n\t<meta property=\"og:image:height\" content=\"780\" \/>\n\t<meta property=\"og:image:type\" content=\"image\/png\" \/>\n<meta name=\"twitter:card\" content=\"summary_large_image\" \/>\n<meta name=\"twitter:label1\" content=\"Est. reading time\" \/>\n\t<meta name=\"twitter:data1\" content=\"1 minute\" \/>\n<script type=\"application\/ld+json\" class=\"yoast-schema-graph\">{\"@context\":\"https:\/\/schema.org\",\"@graph\":[{\"@type\":\"WebPage\",\"@id\":\"https:\/\/saulesmedus.lt\/product\/rinkinys-kaledine-palaima\/\",\"url\":\"https:\/\/saulesmedus.lt\/product\/rinkinys-kaledine-palaima\/\",\"name\":\"Rinkinys \\\"Kal\u0117din\u0117 palaima\\\" - Saul\u0117s medus\",\"isPartOf\":{\"@id\":\"https:\/\/saulesmedus.lt\/#website\"},\"primaryImageOfPage\":{\"@id\":\"https:\/\/saulesmedus.lt\/product\/rinkinys-kaledine-palaima\/#primaryimage\"},\"image\":{\"@id\":\"https:\/\/saulesmedus.lt\/product\/rinkinys-kaledine-palaima\/#primaryimage\"},\"thumbnailUrl\":\"https:\/\/saulesmedus.lt\/wp-content\/uploads\/2025\/09\/Dizainas-be-pavadinimo-9.png\",\"datePublished\":\"2025-09-14T15:43:23+00:00\",\"dateModified\":\"2025-09-14T15:43:23+00:00\",\"breadcrumb\":{\"@id\":\"https:\/\/saulesmedus.lt\/product\/rinkinys-kaledine-palaima\/#breadcrumb\"},\"inLanguage\":\"en-US\",\"potentialAction\":[{\"@type\":\"ReadAction\",\"target\":[\"https:\/\/saulesmedus.lt\/product\/rinkinys-kaledine-palaima\/\"]}]},{\"@type\":\"ImageObject\",\"inLanguage\":\"en-US\",\"@id\":\"https:\/\/saulesmedus.lt\/product\/rinkinys-kaledine-palaima\/#primaryimage\",\"url\":\"https:\/\/saulesmedus.lt\/wp-content\/uploads\/2025\/09\/Dizainas-be-pavadinimo-9.png\",\"contentUrl\":\"https:\/\/saulesmedus.lt\/wp-content\/uploads\/2025\/09\/Dizainas-be-pavadinimo-9.png\",\"width\":780,\"height\":780},{\"@type\":\"BreadcrumbList\",\"@id\":\"https:\/\/saulesmedus.lt\/product\/rinkinys-kaledine-palaima\/#breadcrumb\",\"itemListElement\":[{\"@type\":\"ListItem\",\"position\":1,\"name\":\"Home\",\"item\":\"https:\/\/saulesmedus.lt\/\"},{\"@type\":\"ListItem\",\"position\":2,\"name\":\"Parduotuv\u0117\",\"item\":\"https:\/\/saulesmedus.lt\/shop\/\"},{\"@type\":\"ListItem\",\"position\":3,\"name\":\"Rinkinys &#8222;Kal\u0117din\u0117 palaima&#8221;\"}]},{\"@type\":\"WebSite\",\"@id\":\"https:\/\/saulesmedus.lt\/#website\",\"url\":\"https:\/\/saulesmedus.lt\/\",\"name\":\"Saul\u0117s medus\",\"description\":\"\",\"potentialAction\":[{\"@type\":\"SearchAction\",\"target\":{\"@type\":\"EntryPoint\",\"urlTemplate\":\"https:\/\/saulesmedus.lt\/?s={search_term_string}\"},\"query-input\":\"required name=search_term_string\"}],\"inLanguage\":\"en-US\"}]}<\/script>\n<!-- \/ Yoast SEO plugin. -->","yoast_head_json":{"title":"Rinkinys \"Kal\u0117din\u0117 palaima\" - Saul\u0117s medus","robots":{"index":"index","follow":"follow","max-snippet":"max-snippet:-1","max-image-preview":"max-image-preview:large","max-video-preview":"max-video-preview:-1"},"canonical":"https:\/\/saulesmedus.lt\/en\/product\/rinkinys-kaledine-palaima\/","og_locale":"en_US","og_type":"article","og_title":"Rinkinys \"Kal\u0117din\u0117 palaima\" - Saul\u0117s medus","og_description":"Rinkin\u012f sudaro :  Rank\u0173 darbo muilas su medumi, migdol\u0173 kauliukais ir gintaro pudra  Kreminis medus Kal\u0117dinis 230gr  Bi\u010di\u0173 va\u0161ko \u017evak\u0117 Kankor\u0117\u017eis","og_url":"https:\/\/saulesmedus.lt\/en\/product\/rinkinys-kaledine-palaima\/","og_site_name":"Saul\u0117s medus","og_image":[{"width":780,"height":780,"url":"https:\/\/saulesmedus.lt\/wp-content\/uploads\/2025\/09\/Dizainas-be-pavadinimo-9.png","type":"image\/png"}],"twitter_card":"summary_large_image","twitter_misc":{"Est. reading time":"1 minute"},"schema":{"@context":"https:\/\/schema.org","@graph":[{"@type":"WebPage","@id":"https:\/\/saulesmedus.lt\/product\/rinkinys-kaledine-palaima\/","url":"https:\/\/saulesmedus.lt\/product\/rinkinys-kaledine-palaima\/","name":"Rinkinys \"Kal\u0117din\u0117 palaima\" - Saul\u0117s medus","isPartOf":{"@id":"https:\/\/saulesmedus.lt\/#website"},"primaryImageOfPage":{"@id":"https:\/\/saulesmedus.lt\/product\/rinkinys-kaledine-palaima\/#primaryimage"},"image":{"@id":"https:\/\/saulesmedus.lt\/product\/rinkinys-kaledine-palaima\/#primaryimage"},"thumbnailUrl":"https:\/\/saulesmedus.lt\/wp-content\/uploads\/2025\/09\/Dizainas-be-pavadinimo-9.png","datePublished":"2025-09-14T15:43:23+00:00","dateModified":"2025-09-14T15:43:23+00:00","breadcrumb":{"@id":"https:\/\/saulesmedus.lt\/product\/rinkinys-kaledine-palaima\/#breadcrumb"},"inLanguage":"en-US","potentialAction":[{"@type":"ReadAction","target":["https:\/\/saulesmedus.lt\/product\/rinkinys-kaledine-palaima\/"]}]},{"@type":"ImageObject","inLanguage":"en-US","@id":"https:\/\/saulesmedus.lt\/product\/rinkinys-kaledine-palaima\/#primaryimage","url":"https:\/\/saulesmedus.lt\/wp-content\/uploads\/2025\/09\/Dizainas-be-pavadinimo-9.png","contentUrl":"https:\/\/saulesmedus.lt\/wp-content\/uploads\/2025\/09\/Dizainas-be-pavadinimo-9.png","width":780,"height":780},{"@type":"BreadcrumbList","@id":"https:\/\/saulesmedus.lt\/product\/rinkinys-kaledine-palaima\/#breadcrumb","itemListElement":[{"@type":"ListItem","position":1,"name":"Home","item":"https:\/\/saulesmedus.lt\/"},{"@type":"ListItem","position":2,"name":"Parduotuv\u0117","item":"https:\/\/saulesmedus.lt\/shop\/"},{"@type":"ListItem","position":3,"name":"Rinkinys &#8222;Kal\u0117din\u0117 palaima&#8221;"}]},{"@type":"WebSite","@id":"https:\/\/saulesmedus.lt\/#website","url":"https:\/\/saulesmedus.lt\/","name":"Saul\u0117s medus","description":"","potentialAction":[{"@type":"SearchAction","target":{"@type":"EntryPoint","urlTemplate":"https:\/\/saulesmedus.lt\/?s={search_term_string}"},"query-input":"required name=search_term_string"}],"inLanguage":"en-US"}]}},"_links":{"self":[{"href":"https:\/\/saulesmedus.lt\/en\/wp-json\/wp\/v2\/product\/33687","targetHints":{"allow":["GET"]}}],"collection":[{"href":"https:\/\/saulesmedus.lt\/en\/wp-json\/wp\/v2\/product"}],"about":[{"href":"https:\/\/saulesmedus.lt\/en\/wp-json\/wp\/v2\/types\/product"}],"wp:featuredmedia":[{"embeddable":true,"href":"https:\/\/saulesmedus.lt\/en\/wp-json\/wp\/v2\/media\/33688"}],"wp:attachment":[{"href":"https:\/\/saulesmedus.lt\/en\/wp-json\/wp\/v2\/media?parent=33687"}],"wp:term":[{"taxonomy":"product_cat","embeddable":true,"href":"https:\/\/saulesmedus.lt\/en\/wp-json\/wp\/v2\/product_cat?post=33687"},{"taxonomy":"product_tag","embeddable":true,"href":"https:\/\/saulesmedus.lt\/en\/wp-json\/wp\/v2\/product_tag?post=33687"}],"curies":[{"name":"wp","href":"https:\/\/api.w.org\/{rel}","templated":true}]}}