{"id":33701,"date":"2025-09-23T09:59:58","date_gmt":"2025-09-23T09:59:58","guid":{"rendered":"https:\/\/saulesmedus.lt\/?post_type=product&#038;p=33701"},"modified":"2025-09-23T09:59:59","modified_gmt":"2025-09-23T09:59:59","slug":"biciu-vasko-eglutes-zaisliukas-arklys-2026","status":"publish","type":"product","link":"https:\/\/saulesmedus.lt\/en\/product\/biciu-vasko-eglutes-zaisliukas-arklys-2026\/","title":{"rendered":"Bi\u010di\u0173 va\u0161ko eglut\u0117s \u017eaisliukas &#8222;Arklys 2026&#8221;"},"content":{"rendered":"","protected":false},"excerpt":{"rendered":"<p>Dydis 12,5 x 12,5cm<\/p>\n<p>Parduodama kartu su d\u0117\u017eute<\/p>","protected":false},"featured_media":33702,"template":"","meta":[],"product_cat":[45,46],"product_tag":[],"class_list":["post-33701","product","type-product","status-publish","has-post-thumbnail","hentry","product_cat-kaledos","product_cat-gyvates-metai"],"yoast_head":"<!-- This site is optimized with the Yoast SEO plugin v23.1 - https:\/\/yoast.com\/wordpress\/plugins\/seo\/ -->\n<title>Bi\u010di\u0173 va\u0161ko eglut\u0117s \u017eaisliukas &quot;Arklys 2026&quot; - Saul\u0117s medus<\/title>\n<meta name=\"robots\" content=\"index, follow, max-snippet:-1, max-image-preview:large, max-video-preview:-1\" \/>\n<link rel=\"canonical\" href=\"https:\/\/saulesmedus.lt\/en\/product\/biciu-vasko-eglutes-zaisliukas-arklys-2026\/\" \/>\n<meta property=\"og:locale\" content=\"en_US\" \/>\n<meta property=\"og:type\" content=\"article\" \/>\n<meta property=\"og:title\" content=\"Bi\u010di\u0173 va\u0161ko eglut\u0117s \u017eaisliukas &quot;Arklys 2026&quot; - Saul\u0117s medus\" \/>\n<meta property=\"og:description\" content=\"Dydis 12,5 x 12,5cm  Parduodama kartu su d\u0117\u017eute\" \/>\n<meta property=\"og:url\" content=\"https:\/\/saulesmedus.lt\/en\/product\/biciu-vasko-eglutes-zaisliukas-arklys-2026\/\" \/>\n<meta property=\"og:site_name\" content=\"Saul\u0117s medus\" \/>\n<meta property=\"article:modified_time\" content=\"2025-09-23T09:59:59+00:00\" \/>\n<meta property=\"og:image\" content=\"https:\/\/saulesmedus.lt\/wp-content\/uploads\/2025\/09\/eglute-arklys.png\" \/>\n\t<meta property=\"og:image:width\" content=\"780\" \/>\n\t<meta property=\"og:image:height\" content=\"780\" \/>\n\t<meta property=\"og:image:type\" content=\"image\/png\" \/>\n<meta name=\"twitter:card\" content=\"summary_large_image\" \/>\n<meta name=\"twitter:label1\" content=\"Est. reading time\" \/>\n\t<meta name=\"twitter:data1\" content=\"1 minute\" \/>\n<script type=\"application\/ld+json\" class=\"yoast-schema-graph\">{\"@context\":\"https:\/\/schema.org\",\"@graph\":[{\"@type\":\"WebPage\",\"@id\":\"https:\/\/saulesmedus.lt\/product\/biciu-vasko-eglutes-zaisliukas-arklys-2026\/\",\"url\":\"https:\/\/saulesmedus.lt\/product\/biciu-vasko-eglutes-zaisliukas-arklys-2026\/\",\"name\":\"Bi\u010di\u0173 va\u0161ko eglut\u0117s \u017eaisliukas \\\"Arklys 2026\\\" - Saul\u0117s medus\",\"isPartOf\":{\"@id\":\"https:\/\/saulesmedus.lt\/#website\"},\"primaryImageOfPage\":{\"@id\":\"https:\/\/saulesmedus.lt\/product\/biciu-vasko-eglutes-zaisliukas-arklys-2026\/#primaryimage\"},\"image\":{\"@id\":\"https:\/\/saulesmedus.lt\/product\/biciu-vasko-eglutes-zaisliukas-arklys-2026\/#primaryimage\"},\"thumbnailUrl\":\"https:\/\/saulesmedus.lt\/wp-content\/uploads\/2025\/09\/eglute-arklys.png\",\"datePublished\":\"2025-09-23T09:59:58+00:00\",\"dateModified\":\"2025-09-23T09:59:59+00:00\",\"breadcrumb\":{\"@id\":\"https:\/\/saulesmedus.lt\/product\/biciu-vasko-eglutes-zaisliukas-arklys-2026\/#breadcrumb\"},\"inLanguage\":\"en-US\",\"potentialAction\":[{\"@type\":\"ReadAction\",\"target\":[\"https:\/\/saulesmedus.lt\/product\/biciu-vasko-eglutes-zaisliukas-arklys-2026\/\"]}]},{\"@type\":\"ImageObject\",\"inLanguage\":\"en-US\",\"@id\":\"https:\/\/saulesmedus.lt\/product\/biciu-vasko-eglutes-zaisliukas-arklys-2026\/#primaryimage\",\"url\":\"https:\/\/saulesmedus.lt\/wp-content\/uploads\/2025\/09\/eglute-arklys.png\",\"contentUrl\":\"https:\/\/saulesmedus.lt\/wp-content\/uploads\/2025\/09\/eglute-arklys.png\",\"width\":780,\"height\":780},{\"@type\":\"BreadcrumbList\",\"@id\":\"https:\/\/saulesmedus.lt\/product\/biciu-vasko-eglutes-zaisliukas-arklys-2026\/#breadcrumb\",\"itemListElement\":[{\"@type\":\"ListItem\",\"position\":1,\"name\":\"Home\",\"item\":\"https:\/\/saulesmedus.lt\/\"},{\"@type\":\"ListItem\",\"position\":2,\"name\":\"Parduotuv\u0117\",\"item\":\"https:\/\/saulesmedus.lt\/shop\/\"},{\"@type\":\"ListItem\",\"position\":3,\"name\":\"Bi\u010di\u0173 va\u0161ko eglut\u0117s \u017eaisliukas &#8222;Arklys 2026&#8221;\"}]},{\"@type\":\"WebSite\",\"@id\":\"https:\/\/saulesmedus.lt\/#website\",\"url\":\"https:\/\/saulesmedus.lt\/\",\"name\":\"Saul\u0117s medus\",\"description\":\"\",\"potentialAction\":[{\"@type\":\"SearchAction\",\"target\":{\"@type\":\"EntryPoint\",\"urlTemplate\":\"https:\/\/saulesmedus.lt\/?s={search_term_string}\"},\"query-input\":\"required name=search_term_string\"}],\"inLanguage\":\"en-US\"}]}<\/script>\n<!-- \/ Yoast SEO plugin. -->","yoast_head_json":{"title":"Bi\u010di\u0173 va\u0161ko eglut\u0117s \u017eaisliukas \"Arklys 2026\" - Saul\u0117s medus","robots":{"index":"index","follow":"follow","max-snippet":"max-snippet:-1","max-image-preview":"max-image-preview:large","max-video-preview":"max-video-preview:-1"},"canonical":"https:\/\/saulesmedus.lt\/en\/product\/biciu-vasko-eglutes-zaisliukas-arklys-2026\/","og_locale":"en_US","og_type":"article","og_title":"Bi\u010di\u0173 va\u0161ko eglut\u0117s \u017eaisliukas \"Arklys 2026\" - Saul\u0117s medus","og_description":"Dydis 12,5 x 12,5cm  Parduodama kartu su d\u0117\u017eute","og_url":"https:\/\/saulesmedus.lt\/en\/product\/biciu-vasko-eglutes-zaisliukas-arklys-2026\/","og_site_name":"Saul\u0117s medus","article_modified_time":"2025-09-23T09:59:59+00:00","og_image":[{"width":780,"height":780,"url":"https:\/\/saulesmedus.lt\/wp-content\/uploads\/2025\/09\/eglute-arklys.png","type":"image\/png"}],"twitter_card":"summary_large_image","twitter_misc":{"Est. reading time":"1 minute"},"schema":{"@context":"https:\/\/schema.org","@graph":[{"@type":"WebPage","@id":"https:\/\/saulesmedus.lt\/product\/biciu-vasko-eglutes-zaisliukas-arklys-2026\/","url":"https:\/\/saulesmedus.lt\/product\/biciu-vasko-eglutes-zaisliukas-arklys-2026\/","name":"Bi\u010di\u0173 va\u0161ko eglut\u0117s \u017eaisliukas \"Arklys 2026\" - Saul\u0117s medus","isPartOf":{"@id":"https:\/\/saulesmedus.lt\/#website"},"primaryImageOfPage":{"@id":"https:\/\/saulesmedus.lt\/product\/biciu-vasko-eglutes-zaisliukas-arklys-2026\/#primaryimage"},"image":{"@id":"https:\/\/saulesmedus.lt\/product\/biciu-vasko-eglutes-zaisliukas-arklys-2026\/#primaryimage"},"thumbnailUrl":"https:\/\/saulesmedus.lt\/wp-content\/uploads\/2025\/09\/eglute-arklys.png","datePublished":"2025-09-23T09:59:58+00:00","dateModified":"2025-09-23T09:59:59+00:00","breadcrumb":{"@id":"https:\/\/saulesmedus.lt\/product\/biciu-vasko-eglutes-zaisliukas-arklys-2026\/#breadcrumb"},"inLanguage":"en-US","potentialAction":[{"@type":"ReadAction","target":["https:\/\/saulesmedus.lt\/product\/biciu-vasko-eglutes-zaisliukas-arklys-2026\/"]}]},{"@type":"ImageObject","inLanguage":"en-US","@id":"https:\/\/saulesmedus.lt\/product\/biciu-vasko-eglutes-zaisliukas-arklys-2026\/#primaryimage","url":"https:\/\/saulesmedus.lt\/wp-content\/uploads\/2025\/09\/eglute-arklys.png","contentUrl":"https:\/\/saulesmedus.lt\/wp-content\/uploads\/2025\/09\/eglute-arklys.png","width":780,"height":780},{"@type":"BreadcrumbList","@id":"https:\/\/saulesmedus.lt\/product\/biciu-vasko-eglutes-zaisliukas-arklys-2026\/#breadcrumb","itemListElement":[{"@type":"ListItem","position":1,"name":"Home","item":"https:\/\/saulesmedus.lt\/"},{"@type":"ListItem","position":2,"name":"Parduotuv\u0117","item":"https:\/\/saulesmedus.lt\/shop\/"},{"@type":"ListItem","position":3,"name":"Bi\u010di\u0173 va\u0161ko eglut\u0117s \u017eaisliukas &#8222;Arklys 2026&#8221;"}]},{"@type":"WebSite","@id":"https:\/\/saulesmedus.lt\/#website","url":"https:\/\/saulesmedus.lt\/","name":"Saul\u0117s medus","description":"","potentialAction":[{"@type":"SearchAction","target":{"@type":"EntryPoint","urlTemplate":"https:\/\/saulesmedus.lt\/?s={search_term_string}"},"query-input":"required name=search_term_string"}],"inLanguage":"en-US"}]}},"_links":{"self":[{"href":"https:\/\/saulesmedus.lt\/en\/wp-json\/wp\/v2\/product\/33701","targetHints":{"allow":["GET"]}}],"collection":[{"href":"https:\/\/saulesmedus.lt\/en\/wp-json\/wp\/v2\/product"}],"about":[{"href":"https:\/\/saulesmedus.lt\/en\/wp-json\/wp\/v2\/types\/product"}],"wp:featuredmedia":[{"embeddable":true,"href":"https:\/\/saulesmedus.lt\/en\/wp-json\/wp\/v2\/media\/33702"}],"wp:attachment":[{"href":"https:\/\/saulesmedus.lt\/en\/wp-json\/wp\/v2\/media?parent=33701"}],"wp:term":[{"taxonomy":"product_cat","embeddable":true,"href":"https:\/\/saulesmedus.lt\/en\/wp-json\/wp\/v2\/product_cat?post=33701"},{"taxonomy":"product_tag","embeddable":true,"href":"https:\/\/saulesmedus.lt\/en\/wp-json\/wp\/v2\/product_tag?post=33701"}],"curies":[{"name":"wp","href":"https:\/\/api.w.org\/{rel}","templated":true}]}}