{"id":33714,"date":"2025-09-23T17:41:18","date_gmt":"2025-09-23T17:41:18","guid":{"rendered":"https:\/\/saulesmedus.lt\/?post_type=product&#038;p=33714"},"modified":"2026-02-26T12:14:19","modified_gmt":"2026-02-26T12:14:19","slug":"rinkinys-svenciu-dziaugsmai","status":"publish","type":"product","link":"https:\/\/saulesmedus.lt\/en\/product\/rinkinys-svenciu-dziaugsmai\/","title":{"rendered":"Rinkinys &#8222;\u0160ven\u010di\u0173 d\u017eiaugsmai&#8221;"},"content":{"rendered":"","protected":false},"excerpt":{"rendered":"<p>Rinkin\u012f sudaro :<\/p>\n<p>Bi\u010di\u0173 va\u0161ko \u017evak\u0117 &#8222;Arkliukas&#8221;<\/p>\n<p>Rank\u0173 darbo muiliukas su medumi Kal\u0117dinis<\/p>\n<p>Kreminis medus Kal\u0117dinis 230gr<\/p>\n<p>Bi\u010di\u0173 medus 150gr<\/p>","protected":false},"featured_media":33715,"template":"","meta":[],"product_cat":[38,45,46],"product_tag":[],"class_list":["post-33714","product","type-product","status-publish","has-post-thumbnail","hentry","product_cat-rinkiniai","product_cat-kaledos","product_cat-gyvates-metai"],"yoast_head":"<!-- This site is optimized with the Yoast SEO plugin v23.1 - https:\/\/yoast.com\/wordpress\/plugins\/seo\/ -->\n<title>Rinkinys &quot;\u0160ven\u010di\u0173 d\u017eiaugsmai&quot; - Saul\u0117s medus<\/title>\n<meta name=\"robots\" content=\"index, follow, max-snippet:-1, max-image-preview:large, max-video-preview:-1\" \/>\n<link rel=\"canonical\" href=\"https:\/\/saulesmedus.lt\/en\/product\/rinkinys-svenciu-dziaugsmai\/\" \/>\n<meta property=\"og:locale\" content=\"en_US\" \/>\n<meta property=\"og:type\" content=\"article\" \/>\n<meta property=\"og:title\" content=\"Rinkinys &quot;\u0160ven\u010di\u0173 d\u017eiaugsmai&quot; - Saul\u0117s medus\" \/>\n<meta property=\"og:description\" content=\"Rinkin\u012f sudaro :  Bi\u010di\u0173 va\u0161ko \u017evak\u0117 &quot;Arkliukas&quot;  Rank\u0173 darbo muiliukas su medumi Kal\u0117dinis  Kreminis medus Kal\u0117dinis 230gr  Bi\u010di\u0173 medus 150gr\" \/>\n<meta property=\"og:url\" content=\"https:\/\/saulesmedus.lt\/en\/product\/rinkinys-svenciu-dziaugsmai\/\" \/>\n<meta property=\"og:site_name\" content=\"Saul\u0117s medus\" \/>\n<meta property=\"article:modified_time\" content=\"2026-02-26T12:14:19+00:00\" \/>\n<meta property=\"og:image\" content=\"https:\/\/saulesmedus.lt\/wp-content\/uploads\/2025\/09\/kaledos-arkl-1.png\" \/>\n\t<meta property=\"og:image:width\" content=\"780\" \/>\n\t<meta property=\"og:image:height\" content=\"780\" \/>\n\t<meta property=\"og:image:type\" content=\"image\/png\" \/>\n<meta name=\"twitter:card\" content=\"summary_large_image\" \/>\n<meta name=\"twitter:label1\" content=\"Est. reading time\" \/>\n\t<meta name=\"twitter:data1\" content=\"1 minute\" \/>\n<script type=\"application\/ld+json\" class=\"yoast-schema-graph\">{\"@context\":\"https:\/\/schema.org\",\"@graph\":[{\"@type\":\"WebPage\",\"@id\":\"https:\/\/saulesmedus.lt\/product\/rinkinys-svenciu-dziaugsmai\/\",\"url\":\"https:\/\/saulesmedus.lt\/product\/rinkinys-svenciu-dziaugsmai\/\",\"name\":\"Rinkinys \\\"\u0160ven\u010di\u0173 d\u017eiaugsmai\\\" - Saul\u0117s medus\",\"isPartOf\":{\"@id\":\"https:\/\/saulesmedus.lt\/#website\"},\"primaryImageOfPage\":{\"@id\":\"https:\/\/saulesmedus.lt\/product\/rinkinys-svenciu-dziaugsmai\/#primaryimage\"},\"image\":{\"@id\":\"https:\/\/saulesmedus.lt\/product\/rinkinys-svenciu-dziaugsmai\/#primaryimage\"},\"thumbnailUrl\":\"https:\/\/saulesmedus.lt\/wp-content\/uploads\/2025\/09\/kaledos-arkl-1.png\",\"datePublished\":\"2025-09-23T17:41:18+00:00\",\"dateModified\":\"2026-02-26T12:14:19+00:00\",\"breadcrumb\":{\"@id\":\"https:\/\/saulesmedus.lt\/product\/rinkinys-svenciu-dziaugsmai\/#breadcrumb\"},\"inLanguage\":\"en-US\",\"potentialAction\":[{\"@type\":\"ReadAction\",\"target\":[\"https:\/\/saulesmedus.lt\/product\/rinkinys-svenciu-dziaugsmai\/\"]}]},{\"@type\":\"ImageObject\",\"inLanguage\":\"en-US\",\"@id\":\"https:\/\/saulesmedus.lt\/product\/rinkinys-svenciu-dziaugsmai\/#primaryimage\",\"url\":\"https:\/\/saulesmedus.lt\/wp-content\/uploads\/2025\/09\/kaledos-arkl-1.png\",\"contentUrl\":\"https:\/\/saulesmedus.lt\/wp-content\/uploads\/2025\/09\/kaledos-arkl-1.png\",\"width\":780,\"height\":780},{\"@type\":\"BreadcrumbList\",\"@id\":\"https:\/\/saulesmedus.lt\/product\/rinkinys-svenciu-dziaugsmai\/#breadcrumb\",\"itemListElement\":[{\"@type\":\"ListItem\",\"position\":1,\"name\":\"Home\",\"item\":\"https:\/\/saulesmedus.lt\/\"},{\"@type\":\"ListItem\",\"position\":2,\"name\":\"Parduotuv\u0117\",\"item\":\"https:\/\/saulesmedus.lt\/shop\/\"},{\"@type\":\"ListItem\",\"position\":3,\"name\":\"Rinkinys &#8222;\u0160ven\u010di\u0173 d\u017eiaugsmai&#8221;\"}]},{\"@type\":\"WebSite\",\"@id\":\"https:\/\/saulesmedus.lt\/#website\",\"url\":\"https:\/\/saulesmedus.lt\/\",\"name\":\"Saul\u0117s medus\",\"description\":\"\",\"potentialAction\":[{\"@type\":\"SearchAction\",\"target\":{\"@type\":\"EntryPoint\",\"urlTemplate\":\"https:\/\/saulesmedus.lt\/?s={search_term_string}\"},\"query-input\":\"required name=search_term_string\"}],\"inLanguage\":\"en-US\"}]}<\/script>\n<!-- \/ Yoast SEO plugin. -->","yoast_head_json":{"title":"Rinkinys \"\u0160ven\u010di\u0173 d\u017eiaugsmai\" - Saul\u0117s medus","robots":{"index":"index","follow":"follow","max-snippet":"max-snippet:-1","max-image-preview":"max-image-preview:large","max-video-preview":"max-video-preview:-1"},"canonical":"https:\/\/saulesmedus.lt\/en\/product\/rinkinys-svenciu-dziaugsmai\/","og_locale":"en_US","og_type":"article","og_title":"Rinkinys \"\u0160ven\u010di\u0173 d\u017eiaugsmai\" - Saul\u0117s medus","og_description":"Rinkin\u012f sudaro :  Bi\u010di\u0173 va\u0161ko \u017evak\u0117 \"Arkliukas\"  Rank\u0173 darbo muiliukas su medumi Kal\u0117dinis  Kreminis medus Kal\u0117dinis 230gr  Bi\u010di\u0173 medus 150gr","og_url":"https:\/\/saulesmedus.lt\/en\/product\/rinkinys-svenciu-dziaugsmai\/","og_site_name":"Saul\u0117s medus","article_modified_time":"2026-02-26T12:14:19+00:00","og_image":[{"width":780,"height":780,"url":"https:\/\/saulesmedus.lt\/wp-content\/uploads\/2025\/09\/kaledos-arkl-1.png","type":"image\/png"}],"twitter_card":"summary_large_image","twitter_misc":{"Est. reading time":"1 minute"},"schema":{"@context":"https:\/\/schema.org","@graph":[{"@type":"WebPage","@id":"https:\/\/saulesmedus.lt\/product\/rinkinys-svenciu-dziaugsmai\/","url":"https:\/\/saulesmedus.lt\/product\/rinkinys-svenciu-dziaugsmai\/","name":"Rinkinys \"\u0160ven\u010di\u0173 d\u017eiaugsmai\" - Saul\u0117s medus","isPartOf":{"@id":"https:\/\/saulesmedus.lt\/#website"},"primaryImageOfPage":{"@id":"https:\/\/saulesmedus.lt\/product\/rinkinys-svenciu-dziaugsmai\/#primaryimage"},"image":{"@id":"https:\/\/saulesmedus.lt\/product\/rinkinys-svenciu-dziaugsmai\/#primaryimage"},"thumbnailUrl":"https:\/\/saulesmedus.lt\/wp-content\/uploads\/2025\/09\/kaledos-arkl-1.png","datePublished":"2025-09-23T17:41:18+00:00","dateModified":"2026-02-26T12:14:19+00:00","breadcrumb":{"@id":"https:\/\/saulesmedus.lt\/product\/rinkinys-svenciu-dziaugsmai\/#breadcrumb"},"inLanguage":"en-US","potentialAction":[{"@type":"ReadAction","target":["https:\/\/saulesmedus.lt\/product\/rinkinys-svenciu-dziaugsmai\/"]}]},{"@type":"ImageObject","inLanguage":"en-US","@id":"https:\/\/saulesmedus.lt\/product\/rinkinys-svenciu-dziaugsmai\/#primaryimage","url":"https:\/\/saulesmedus.lt\/wp-content\/uploads\/2025\/09\/kaledos-arkl-1.png","contentUrl":"https:\/\/saulesmedus.lt\/wp-content\/uploads\/2025\/09\/kaledos-arkl-1.png","width":780,"height":780},{"@type":"BreadcrumbList","@id":"https:\/\/saulesmedus.lt\/product\/rinkinys-svenciu-dziaugsmai\/#breadcrumb","itemListElement":[{"@type":"ListItem","position":1,"name":"Home","item":"https:\/\/saulesmedus.lt\/"},{"@type":"ListItem","position":2,"name":"Parduotuv\u0117","item":"https:\/\/saulesmedus.lt\/shop\/"},{"@type":"ListItem","position":3,"name":"Rinkinys &#8222;\u0160ven\u010di\u0173 d\u017eiaugsmai&#8221;"}]},{"@type":"WebSite","@id":"https:\/\/saulesmedus.lt\/#website","url":"https:\/\/saulesmedus.lt\/","name":"Saul\u0117s medus","description":"","potentialAction":[{"@type":"SearchAction","target":{"@type":"EntryPoint","urlTemplate":"https:\/\/saulesmedus.lt\/?s={search_term_string}"},"query-input":"required name=search_term_string"}],"inLanguage":"en-US"}]}},"_links":{"self":[{"href":"https:\/\/saulesmedus.lt\/en\/wp-json\/wp\/v2\/product\/33714","targetHints":{"allow":["GET"]}}],"collection":[{"href":"https:\/\/saulesmedus.lt\/en\/wp-json\/wp\/v2\/product"}],"about":[{"href":"https:\/\/saulesmedus.lt\/en\/wp-json\/wp\/v2\/types\/product"}],"wp:featuredmedia":[{"embeddable":true,"href":"https:\/\/saulesmedus.lt\/en\/wp-json\/wp\/v2\/media\/33715"}],"wp:attachment":[{"href":"https:\/\/saulesmedus.lt\/en\/wp-json\/wp\/v2\/media?parent=33714"}],"wp:term":[{"taxonomy":"product_cat","embeddable":true,"href":"https:\/\/saulesmedus.lt\/en\/wp-json\/wp\/v2\/product_cat?post=33714"},{"taxonomy":"product_tag","embeddable":true,"href":"https:\/\/saulesmedus.lt\/en\/wp-json\/wp\/v2\/product_tag?post=33714"}],"curies":[{"name":"wp","href":"https:\/\/api.w.org\/{rel}","templated":true}]}}