{"id":33904,"date":"2025-11-19T20:14:39","date_gmt":"2025-11-19T20:14:39","guid":{"rendered":"https:\/\/saulesmedus.lt\/?post_type=product&#038;p=33904"},"modified":"2026-02-26T12:16:13","modified_gmt":"2026-02-26T12:16:13","slug":"naujienarinkinys-brangiausiems","status":"publish","type":"product","link":"https:\/\/saulesmedus.lt\/en\/product\/naujienarinkinys-brangiausiems\/","title":{"rendered":"Rinkinys \u201cBrangiausiems\u201d"},"content":{"rendered":"","protected":false},"excerpt":{"rendered":"<p style=\"padding-left: 40px;\">Rinkin\u012f sudaro :<\/p>\n<p>\u2022Korio medus<\/p>\n<p>\u2022Bi\u010di\u0173 medus 250gr<\/p>\n<p>\u2022Kreminis medus 250gr<\/p>\n<p>\u2022Kal\u0117din\u0117 arbata<\/p>\n<p>\u2022Bi\u010di\u0173 va\u0161ko \u017evak\u0117 \u201cKal\u0117dinis mai\u0161as\u201d<\/p>","protected":false},"featured_media":33905,"template":"","meta":[],"product_cat":[38,45],"product_tag":[],"class_list":["post-33904","product","type-product","status-publish","has-post-thumbnail","hentry","product_cat-rinkiniai","product_cat-kaledos"],"yoast_head":"<!-- This site is optimized with the Yoast SEO plugin v23.1 - https:\/\/yoast.com\/wordpress\/plugins\/seo\/ -->\n<title>Rinkinys \u201cBrangiausiems\u201d - Saul\u0117s medus<\/title>\n<meta name=\"robots\" content=\"index, follow, max-snippet:-1, max-image-preview:large, max-video-preview:-1\" \/>\n<link rel=\"canonical\" href=\"https:\/\/saulesmedus.lt\/en\/product\/naujienarinkinys-brangiausiems\/\" \/>\n<meta property=\"og:locale\" content=\"en_US\" \/>\n<meta property=\"og:type\" content=\"article\" \/>\n<meta property=\"og:title\" content=\"Rinkinys \u201cBrangiausiems\u201d - Saul\u0117s medus\" \/>\n<meta property=\"og:description\" content=\"Rinkin\u012f sudaro : \u2022Korio medus  \u2022Bi\u010di\u0173 medus 250gr  \u2022Kreminis medus 250gr  \u2022Kal\u0117din\u0117 arbata  \u2022Bi\u010di\u0173 va\u0161ko \u017evak\u0117 \u201cKal\u0117dinis mai\u0161as\u201d\" \/>\n<meta property=\"og:url\" content=\"https:\/\/saulesmedus.lt\/en\/product\/naujienarinkinys-brangiausiems\/\" \/>\n<meta property=\"og:site_name\" content=\"Saul\u0117s medus\" \/>\n<meta property=\"article:modified_time\" content=\"2026-02-26T12:16:13+00:00\" \/>\n<meta property=\"og:image\" content=\"https:\/\/saulesmedus.lt\/wp-content\/uploads\/2025\/11\/Untitled-design-3.png\" \/>\n\t<meta property=\"og:image:width\" content=\"560\" \/>\n\t<meta property=\"og:image:height\" content=\"700\" \/>\n\t<meta property=\"og:image:type\" content=\"image\/png\" \/>\n<meta name=\"twitter:card\" content=\"summary_large_image\" \/>\n<meta name=\"twitter:label1\" content=\"Est. reading time\" \/>\n\t<meta name=\"twitter:data1\" content=\"1 minute\" \/>\n<script type=\"application\/ld+json\" class=\"yoast-schema-graph\">{\"@context\":\"https:\/\/schema.org\",\"@graph\":[{\"@type\":\"WebPage\",\"@id\":\"https:\/\/saulesmedus.lt\/product\/naujienarinkinys-brangiausiems\/\",\"url\":\"https:\/\/saulesmedus.lt\/product\/naujienarinkinys-brangiausiems\/\",\"name\":\"Rinkinys \u201cBrangiausiems\u201d - Saul\u0117s medus\",\"isPartOf\":{\"@id\":\"https:\/\/saulesmedus.lt\/#website\"},\"primaryImageOfPage\":{\"@id\":\"https:\/\/saulesmedus.lt\/product\/naujienarinkinys-brangiausiems\/#primaryimage\"},\"image\":{\"@id\":\"https:\/\/saulesmedus.lt\/product\/naujienarinkinys-brangiausiems\/#primaryimage\"},\"thumbnailUrl\":\"https:\/\/saulesmedus.lt\/wp-content\/uploads\/2025\/11\/Untitled-design-3.png\",\"datePublished\":\"2025-11-19T20:14:39+00:00\",\"dateModified\":\"2026-02-26T12:16:13+00:00\",\"breadcrumb\":{\"@id\":\"https:\/\/saulesmedus.lt\/product\/naujienarinkinys-brangiausiems\/#breadcrumb\"},\"inLanguage\":\"en-US\",\"potentialAction\":[{\"@type\":\"ReadAction\",\"target\":[\"https:\/\/saulesmedus.lt\/product\/naujienarinkinys-brangiausiems\/\"]}]},{\"@type\":\"ImageObject\",\"inLanguage\":\"en-US\",\"@id\":\"https:\/\/saulesmedus.lt\/product\/naujienarinkinys-brangiausiems\/#primaryimage\",\"url\":\"https:\/\/saulesmedus.lt\/wp-content\/uploads\/2025\/11\/Untitled-design-3.png\",\"contentUrl\":\"https:\/\/saulesmedus.lt\/wp-content\/uploads\/2025\/11\/Untitled-design-3.png\",\"width\":560,\"height\":700},{\"@type\":\"BreadcrumbList\",\"@id\":\"https:\/\/saulesmedus.lt\/product\/naujienarinkinys-brangiausiems\/#breadcrumb\",\"itemListElement\":[{\"@type\":\"ListItem\",\"position\":1,\"name\":\"Home\",\"item\":\"https:\/\/saulesmedus.lt\/\"},{\"@type\":\"ListItem\",\"position\":2,\"name\":\"Parduotuv\u0117\",\"item\":\"https:\/\/saulesmedus.lt\/shop\/\"},{\"@type\":\"ListItem\",\"position\":3,\"name\":\"Rinkinys \u201cBrangiausiems\u201d\"}]},{\"@type\":\"WebSite\",\"@id\":\"https:\/\/saulesmedus.lt\/#website\",\"url\":\"https:\/\/saulesmedus.lt\/\",\"name\":\"Saul\u0117s medus\",\"description\":\"\",\"potentialAction\":[{\"@type\":\"SearchAction\",\"target\":{\"@type\":\"EntryPoint\",\"urlTemplate\":\"https:\/\/saulesmedus.lt\/?s={search_term_string}\"},\"query-input\":\"required name=search_term_string\"}],\"inLanguage\":\"en-US\"}]}<\/script>\n<!-- \/ Yoast SEO plugin. -->","yoast_head_json":{"title":"Rinkinys \u201cBrangiausiems\u201d - Saul\u0117s medus","robots":{"index":"index","follow":"follow","max-snippet":"max-snippet:-1","max-image-preview":"max-image-preview:large","max-video-preview":"max-video-preview:-1"},"canonical":"https:\/\/saulesmedus.lt\/en\/product\/naujienarinkinys-brangiausiems\/","og_locale":"en_US","og_type":"article","og_title":"Rinkinys \u201cBrangiausiems\u201d - Saul\u0117s medus","og_description":"Rinkin\u012f sudaro : \u2022Korio medus  \u2022Bi\u010di\u0173 medus 250gr  \u2022Kreminis medus 250gr  \u2022Kal\u0117din\u0117 arbata  \u2022Bi\u010di\u0173 va\u0161ko \u017evak\u0117 \u201cKal\u0117dinis mai\u0161as\u201d","og_url":"https:\/\/saulesmedus.lt\/en\/product\/naujienarinkinys-brangiausiems\/","og_site_name":"Saul\u0117s medus","article_modified_time":"2026-02-26T12:16:13+00:00","og_image":[{"width":560,"height":700,"url":"https:\/\/saulesmedus.lt\/wp-content\/uploads\/2025\/11\/Untitled-design-3.png","type":"image\/png"}],"twitter_card":"summary_large_image","twitter_misc":{"Est. reading time":"1 minute"},"schema":{"@context":"https:\/\/schema.org","@graph":[{"@type":"WebPage","@id":"https:\/\/saulesmedus.lt\/product\/naujienarinkinys-brangiausiems\/","url":"https:\/\/saulesmedus.lt\/product\/naujienarinkinys-brangiausiems\/","name":"Rinkinys \u201cBrangiausiems\u201d - Saul\u0117s medus","isPartOf":{"@id":"https:\/\/saulesmedus.lt\/#website"},"primaryImageOfPage":{"@id":"https:\/\/saulesmedus.lt\/product\/naujienarinkinys-brangiausiems\/#primaryimage"},"image":{"@id":"https:\/\/saulesmedus.lt\/product\/naujienarinkinys-brangiausiems\/#primaryimage"},"thumbnailUrl":"https:\/\/saulesmedus.lt\/wp-content\/uploads\/2025\/11\/Untitled-design-3.png","datePublished":"2025-11-19T20:14:39+00:00","dateModified":"2026-02-26T12:16:13+00:00","breadcrumb":{"@id":"https:\/\/saulesmedus.lt\/product\/naujienarinkinys-brangiausiems\/#breadcrumb"},"inLanguage":"en-US","potentialAction":[{"@type":"ReadAction","target":["https:\/\/saulesmedus.lt\/product\/naujienarinkinys-brangiausiems\/"]}]},{"@type":"ImageObject","inLanguage":"en-US","@id":"https:\/\/saulesmedus.lt\/product\/naujienarinkinys-brangiausiems\/#primaryimage","url":"https:\/\/saulesmedus.lt\/wp-content\/uploads\/2025\/11\/Untitled-design-3.png","contentUrl":"https:\/\/saulesmedus.lt\/wp-content\/uploads\/2025\/11\/Untitled-design-3.png","width":560,"height":700},{"@type":"BreadcrumbList","@id":"https:\/\/saulesmedus.lt\/product\/naujienarinkinys-brangiausiems\/#breadcrumb","itemListElement":[{"@type":"ListItem","position":1,"name":"Home","item":"https:\/\/saulesmedus.lt\/"},{"@type":"ListItem","position":2,"name":"Parduotuv\u0117","item":"https:\/\/saulesmedus.lt\/shop\/"},{"@type":"ListItem","position":3,"name":"Rinkinys \u201cBrangiausiems\u201d"}]},{"@type":"WebSite","@id":"https:\/\/saulesmedus.lt\/#website","url":"https:\/\/saulesmedus.lt\/","name":"Saul\u0117s medus","description":"","potentialAction":[{"@type":"SearchAction","target":{"@type":"EntryPoint","urlTemplate":"https:\/\/saulesmedus.lt\/?s={search_term_string}"},"query-input":"required name=search_term_string"}],"inLanguage":"en-US"}]}},"_links":{"self":[{"href":"https:\/\/saulesmedus.lt\/en\/wp-json\/wp\/v2\/product\/33904","targetHints":{"allow":["GET"]}}],"collection":[{"href":"https:\/\/saulesmedus.lt\/en\/wp-json\/wp\/v2\/product"}],"about":[{"href":"https:\/\/saulesmedus.lt\/en\/wp-json\/wp\/v2\/types\/product"}],"wp:featuredmedia":[{"embeddable":true,"href":"https:\/\/saulesmedus.lt\/en\/wp-json\/wp\/v2\/media\/33905"}],"wp:attachment":[{"href":"https:\/\/saulesmedus.lt\/en\/wp-json\/wp\/v2\/media?parent=33904"}],"wp:term":[{"taxonomy":"product_cat","embeddable":true,"href":"https:\/\/saulesmedus.lt\/en\/wp-json\/wp\/v2\/product_cat?post=33904"},{"taxonomy":"product_tag","embeddable":true,"href":"https:\/\/saulesmedus.lt\/en\/wp-json\/wp\/v2\/product_tag?post=33904"}],"curies":[{"name":"wp","href":"https:\/\/api.w.org\/{rel}","templated":true}]}}