{"id":33987,"date":"2025-12-03T09:07:31","date_gmt":"2025-12-03T09:07:31","guid":{"rendered":"https:\/\/saulesmedus.lt\/?post_type=product&#038;p=33987"},"modified":"2026-02-26T12:15:56","modified_gmt":"2026-02-26T12:15:56","slug":"naujiena-kreminis-medus-su-liofilizuotais-putinu-milteliais","status":"publish","type":"product","link":"https:\/\/saulesmedus.lt\/en\/product\/naujiena-kreminis-medus-su-liofilizuotais-putinu-milteliais\/","title":{"rendered":"Kreminis medus su liofilizuotais putin\u0173 milteliais"},"content":{"rendered":"","protected":false},"excerpt":{"rendered":"<p>Sud\u0117tis :<\/p>\n<p>95% kreminis medus<\/p>\n<p>5% liofilizuoti putin\u0173 milteliai<\/p>","protected":false},"featured_media":33988,"template":"","meta":[],"product_cat":[36],"product_tag":[],"class_list":["post-33987","product","type-product","status-publish","has-post-thumbnail","hentry","product_cat-medaus-skanestai"],"yoast_head":"<!-- This site is optimized with the Yoast SEO plugin v23.1 - https:\/\/yoast.com\/wordpress\/plugins\/seo\/ -->\n<title>Kreminis medus su liofilizuotais putin\u0173 milteliais - Saul\u0117s medus<\/title>\n<meta name=\"robots\" content=\"index, follow, max-snippet:-1, max-image-preview:large, max-video-preview:-1\" \/>\n<link rel=\"canonical\" href=\"https:\/\/saulesmedus.lt\/en\/product\/naujiena-kreminis-medus-su-liofilizuotais-putinu-milteliais\/\" \/>\n<meta property=\"og:locale\" content=\"en_US\" \/>\n<meta property=\"og:type\" content=\"article\" \/>\n<meta property=\"og:title\" content=\"Kreminis medus su liofilizuotais putin\u0173 milteliais - Saul\u0117s medus\" \/>\n<meta property=\"og:description\" content=\"Sud\u0117tis :  95% kreminis medus  5% liofilizuoti putin\u0173 milteliai\" \/>\n<meta property=\"og:url\" content=\"https:\/\/saulesmedus.lt\/en\/product\/naujiena-kreminis-medus-su-liofilizuotais-putinu-milteliais\/\" \/>\n<meta property=\"og:site_name\" content=\"Saul\u0117s medus\" \/>\n<meta property=\"article:modified_time\" content=\"2026-02-26T12:15:56+00:00\" \/>\n<meta property=\"og:image\" content=\"https:\/\/saulesmedus.lt\/wp-content\/uploads\/2025\/12\/NAUJI-TIE.png\" \/>\n\t<meta property=\"og:image:width\" content=\"780\" \/>\n\t<meta property=\"og:image:height\" content=\"780\" \/>\n\t<meta property=\"og:image:type\" content=\"image\/png\" \/>\n<meta name=\"twitter:card\" content=\"summary_large_image\" \/>\n<meta name=\"twitter:label1\" content=\"Est. reading time\" \/>\n\t<meta name=\"twitter:data1\" content=\"1 minute\" \/>\n<script type=\"application\/ld+json\" class=\"yoast-schema-graph\">{\"@context\":\"https:\/\/schema.org\",\"@graph\":[{\"@type\":\"WebPage\",\"@id\":\"https:\/\/saulesmedus.lt\/product\/naujiena-kreminis-medus-su-liofilizuotais-putinu-milteliais\/\",\"url\":\"https:\/\/saulesmedus.lt\/product\/naujiena-kreminis-medus-su-liofilizuotais-putinu-milteliais\/\",\"name\":\"Kreminis medus su liofilizuotais putin\u0173 milteliais - Saul\u0117s medus\",\"isPartOf\":{\"@id\":\"https:\/\/saulesmedus.lt\/#website\"},\"primaryImageOfPage\":{\"@id\":\"https:\/\/saulesmedus.lt\/product\/naujiena-kreminis-medus-su-liofilizuotais-putinu-milteliais\/#primaryimage\"},\"image\":{\"@id\":\"https:\/\/saulesmedus.lt\/product\/naujiena-kreminis-medus-su-liofilizuotais-putinu-milteliais\/#primaryimage\"},\"thumbnailUrl\":\"https:\/\/saulesmedus.lt\/wp-content\/uploads\/2025\/12\/NAUJI-TIE.png\",\"datePublished\":\"2025-12-03T09:07:31+00:00\",\"dateModified\":\"2026-02-26T12:15:56+00:00\",\"breadcrumb\":{\"@id\":\"https:\/\/saulesmedus.lt\/product\/naujiena-kreminis-medus-su-liofilizuotais-putinu-milteliais\/#breadcrumb\"},\"inLanguage\":\"en-US\",\"potentialAction\":[{\"@type\":\"ReadAction\",\"target\":[\"https:\/\/saulesmedus.lt\/product\/naujiena-kreminis-medus-su-liofilizuotais-putinu-milteliais\/\"]}]},{\"@type\":\"ImageObject\",\"inLanguage\":\"en-US\",\"@id\":\"https:\/\/saulesmedus.lt\/product\/naujiena-kreminis-medus-su-liofilizuotais-putinu-milteliais\/#primaryimage\",\"url\":\"https:\/\/saulesmedus.lt\/wp-content\/uploads\/2025\/12\/NAUJI-TIE.png\",\"contentUrl\":\"https:\/\/saulesmedus.lt\/wp-content\/uploads\/2025\/12\/NAUJI-TIE.png\",\"width\":780,\"height\":780},{\"@type\":\"BreadcrumbList\",\"@id\":\"https:\/\/saulesmedus.lt\/product\/naujiena-kreminis-medus-su-liofilizuotais-putinu-milteliais\/#breadcrumb\",\"itemListElement\":[{\"@type\":\"ListItem\",\"position\":1,\"name\":\"Home\",\"item\":\"https:\/\/saulesmedus.lt\/\"},{\"@type\":\"ListItem\",\"position\":2,\"name\":\"Parduotuv\u0117\",\"item\":\"https:\/\/saulesmedus.lt\/shop\/\"},{\"@type\":\"ListItem\",\"position\":3,\"name\":\"Kreminis medus su liofilizuotais putin\u0173 milteliais\"}]},{\"@type\":\"WebSite\",\"@id\":\"https:\/\/saulesmedus.lt\/#website\",\"url\":\"https:\/\/saulesmedus.lt\/\",\"name\":\"Saul\u0117s medus\",\"description\":\"\",\"potentialAction\":[{\"@type\":\"SearchAction\",\"target\":{\"@type\":\"EntryPoint\",\"urlTemplate\":\"https:\/\/saulesmedus.lt\/?s={search_term_string}\"},\"query-input\":\"required name=search_term_string\"}],\"inLanguage\":\"en-US\"}]}<\/script>\n<!-- \/ Yoast SEO plugin. -->","yoast_head_json":{"title":"Kreminis medus su liofilizuotais putin\u0173 milteliais - Saul\u0117s medus","robots":{"index":"index","follow":"follow","max-snippet":"max-snippet:-1","max-image-preview":"max-image-preview:large","max-video-preview":"max-video-preview:-1"},"canonical":"https:\/\/saulesmedus.lt\/en\/product\/naujiena-kreminis-medus-su-liofilizuotais-putinu-milteliais\/","og_locale":"en_US","og_type":"article","og_title":"Kreminis medus su liofilizuotais putin\u0173 milteliais - Saul\u0117s medus","og_description":"Sud\u0117tis :  95% kreminis medus  5% liofilizuoti putin\u0173 milteliai","og_url":"https:\/\/saulesmedus.lt\/en\/product\/naujiena-kreminis-medus-su-liofilizuotais-putinu-milteliais\/","og_site_name":"Saul\u0117s medus","article_modified_time":"2026-02-26T12:15:56+00:00","og_image":[{"width":780,"height":780,"url":"https:\/\/saulesmedus.lt\/wp-content\/uploads\/2025\/12\/NAUJI-TIE.png","type":"image\/png"}],"twitter_card":"summary_large_image","twitter_misc":{"Est. reading time":"1 minute"},"schema":{"@context":"https:\/\/schema.org","@graph":[{"@type":"WebPage","@id":"https:\/\/saulesmedus.lt\/product\/naujiena-kreminis-medus-su-liofilizuotais-putinu-milteliais\/","url":"https:\/\/saulesmedus.lt\/product\/naujiena-kreminis-medus-su-liofilizuotais-putinu-milteliais\/","name":"Kreminis medus su liofilizuotais putin\u0173 milteliais - Saul\u0117s medus","isPartOf":{"@id":"https:\/\/saulesmedus.lt\/#website"},"primaryImageOfPage":{"@id":"https:\/\/saulesmedus.lt\/product\/naujiena-kreminis-medus-su-liofilizuotais-putinu-milteliais\/#primaryimage"},"image":{"@id":"https:\/\/saulesmedus.lt\/product\/naujiena-kreminis-medus-su-liofilizuotais-putinu-milteliais\/#primaryimage"},"thumbnailUrl":"https:\/\/saulesmedus.lt\/wp-content\/uploads\/2025\/12\/NAUJI-TIE.png","datePublished":"2025-12-03T09:07:31+00:00","dateModified":"2026-02-26T12:15:56+00:00","breadcrumb":{"@id":"https:\/\/saulesmedus.lt\/product\/naujiena-kreminis-medus-su-liofilizuotais-putinu-milteliais\/#breadcrumb"},"inLanguage":"en-US","potentialAction":[{"@type":"ReadAction","target":["https:\/\/saulesmedus.lt\/product\/naujiena-kreminis-medus-su-liofilizuotais-putinu-milteliais\/"]}]},{"@type":"ImageObject","inLanguage":"en-US","@id":"https:\/\/saulesmedus.lt\/product\/naujiena-kreminis-medus-su-liofilizuotais-putinu-milteliais\/#primaryimage","url":"https:\/\/saulesmedus.lt\/wp-content\/uploads\/2025\/12\/NAUJI-TIE.png","contentUrl":"https:\/\/saulesmedus.lt\/wp-content\/uploads\/2025\/12\/NAUJI-TIE.png","width":780,"height":780},{"@type":"BreadcrumbList","@id":"https:\/\/saulesmedus.lt\/product\/naujiena-kreminis-medus-su-liofilizuotais-putinu-milteliais\/#breadcrumb","itemListElement":[{"@type":"ListItem","position":1,"name":"Home","item":"https:\/\/saulesmedus.lt\/"},{"@type":"ListItem","position":2,"name":"Parduotuv\u0117","item":"https:\/\/saulesmedus.lt\/shop\/"},{"@type":"ListItem","position":3,"name":"Kreminis medus su liofilizuotais putin\u0173 milteliais"}]},{"@type":"WebSite","@id":"https:\/\/saulesmedus.lt\/#website","url":"https:\/\/saulesmedus.lt\/","name":"Saul\u0117s medus","description":"","potentialAction":[{"@type":"SearchAction","target":{"@type":"EntryPoint","urlTemplate":"https:\/\/saulesmedus.lt\/?s={search_term_string}"},"query-input":"required name=search_term_string"}],"inLanguage":"en-US"}]}},"_links":{"self":[{"href":"https:\/\/saulesmedus.lt\/en\/wp-json\/wp\/v2\/product\/33987","targetHints":{"allow":["GET"]}}],"collection":[{"href":"https:\/\/saulesmedus.lt\/en\/wp-json\/wp\/v2\/product"}],"about":[{"href":"https:\/\/saulesmedus.lt\/en\/wp-json\/wp\/v2\/types\/product"}],"wp:featuredmedia":[{"embeddable":true,"href":"https:\/\/saulesmedus.lt\/en\/wp-json\/wp\/v2\/media\/33988"}],"wp:attachment":[{"href":"https:\/\/saulesmedus.lt\/en\/wp-json\/wp\/v2\/media?parent=33987"}],"wp:term":[{"taxonomy":"product_cat","embeddable":true,"href":"https:\/\/saulesmedus.lt\/en\/wp-json\/wp\/v2\/product_cat?post=33987"},{"taxonomy":"product_tag","embeddable":true,"href":"https:\/\/saulesmedus.lt\/en\/wp-json\/wp\/v2\/product_tag?post=33987"}],"curies":[{"name":"wp","href":"https:\/\/api.w.org\/{rel}","templated":true}]}}